{"id":291,"date":"2021-09-03T20:18:14","date_gmt":"2021-09-03T20:18:14","guid":{"rendered":"https:\/\/kasamgt.com\/kasa-mangement\/"},"modified":"2023-12-21T19:32:53","modified_gmt":"2023-12-21T19:32:53","slug":"commercial-construction","status":"publish","type":"page","link":"https:\/\/groupkasa.com\/fr\/commercial-construction\/","title":{"rendered":"Commercial Construction"},"content":{"rendered":"\n\n    <section class=\"default-hero\">\n        <div class=\"default-hero__bg\">\n                                <video src=\"https:\/\/groupkasa.com\/wp-content\/uploads\/2023\/11\/CommercialConstruction-Header-web.webm\" playsinline loop autoplay muted preload=\"none\"><\/video>\n                    <\/div>\n        <!-- <div class=\"default-hero__content flex-layout align-items-center justify-center\">\n            <div class=\"container\">\n                <div class=\"default-hero__title-large\">\n                    kasa<strong>management<\/strong>                <\/div>\n                <div class=\"default-hero__title-small\">\n                    Your peace of mind is our priority.                <\/div>\n            <\/div>\n        <\/div> -->\n    <\/section>\n\n\n\n\n\n  <section class=\"icon-intro\">\n    <div class=\"container\">\n      <div class=\"icon-intro__title\">\n        <img decoding=\"async\" class=\"\" src=\"https:\/\/groupkasa.com\/wp-content\/uploads\/2021\/09\/Icon.png\" alt=\"\"  >        <h1>construction <span>commerciale<\/span><\/h1>\n      <\/div>\n      <div class=\"icon-intro__text\">\n        <p>Notre service cl\u00e9 pour la construction commerciale et r\u00e9sidentielle fournit une solution compl\u00e8te \u00e0 l\u2019ensemble des besoins de votre projet. Nous nous engageons \u00e0 g\u00e9rer tous les aspects du processus de construction de mani\u00e8re professionnelle, efficace et avec l\u2019artisanat de la plus haute qualit\u00e9. Que ce soit un nouveau b\u00e2timent, des r\u00e9novations commerciales, ou r\u00e9sidentielles, vous pouvez compter sur Kasa pour une excellente gestion de projet et nos standards de constructions des plus \u00e9lev\u00e9s.<\/p>\n      <\/div>\n\n    <\/div>\n  <\/section>\n\n\n\n\n\n\n  <section class=\"projects\">\n    <div class=\"container\">\n      <h2>NOS PROJETS<\/h2>\n      <div class=\"flex-layout wrap projects__grid\">\n                    <div class=\"projects__col\">\n              <a class=\"project fancybox\" href=\"https:\/\/groupkasa.com\/wp-content\/uploads\/2023\/11\/Group-kasa-gallery-img-01.webp\" rel=\"project-gallery-0\">\n                <div class=\"project__image\">\n                  <img class=\"img-fit\" data-src=\"https:\/\/groupkasa.com\/wp-content\/uploads\/2023\/11\/Group-kasa-gallery-img-01-400x400.webp\" alt=\"House renovation facade\"  >                <\/div>\n                <div class=\"project__title\">\n                  <h3>3722  Ave Laval<\/h3>\n                <\/div>\n              <\/a>\n                              <a title=\"\" class=\"fancybox\" href=\"https:\/\/groupkasa.com\/wp-content\/uploads\/2023\/11\/Group-kasa-gallery-img-03.webp\" rel=\"project-gallery-0\">\n                <\/a>\n                              <a title=\"\" class=\"fancybox\" href=\"https:\/\/groupkasa.com\/wp-content\/uploads\/2023\/11\/Group-kasa-gallery-img-02.webp\" rel=\"project-gallery-0\">\n                <\/a>\n                              <a title=\"\" class=\"fancybox\" href=\"https:\/\/groupkasa.com\/wp-content\/uploads\/2023\/11\/Group-kasa-gallery-img-08.webp\" rel=\"project-gallery-0\">\n                <\/a>\n                          <\/div>\n                    <div class=\"projects__col\">\n              <a class=\"project fancybox\" href=\"https:\/\/groupkasa.com\/wp-content\/uploads\/2023\/11\/Group-kasa-gallery-img-06.webp\" rel=\"project-gallery-1\">\n                <div class=\"project__image\">\n                  <img class=\"img-fit\" data-src=\"https:\/\/groupkasa.com\/wp-content\/uploads\/2023\/11\/Group-kasa-gallery-img-06-400x400.webp\" alt=\"Commercial renovation of a bar\"  >                <\/div>\n                <div class=\"project__title\">\n                  <h3>430 Saint Francois  Xavier<\/h3>\n                <\/div>\n              <\/a>\n                              <a title=\"\" class=\"fancybox\" href=\"https:\/\/groupkasa.com\/wp-content\/uploads\/2023\/11\/Group-kasa-gallery-img-05.webp\" rel=\"project-gallery-1\">\n                <\/a>\n                              <a title=\"\" class=\"fancybox\" href=\"https:\/\/groupkasa.com\/wp-content\/uploads\/2023\/11\/Group-kasa-gallery-img-07.webp\" rel=\"project-gallery-1\">\n                <\/a>\n                              <a title=\"\" class=\"fancybox\" href=\"https:\/\/groupkasa.com\/wp-content\/uploads\/2023\/11\/Group-kasa-gallery-img-08.webp\" rel=\"project-gallery-1\">\n                <\/a>\n                          <\/div>\n                    <div class=\"projects__col\">\n              <a class=\"project fancybox\" href=\"https:\/\/groupkasa.com\/wp-content\/uploads\/2023\/12\/a_venir.jpg\" rel=\"project-gallery-2\">\n                <div class=\"project__image\">\n                  <img class=\"img-fit\" data-src=\"https:\/\/groupkasa.com\/wp-content\/uploads\/2023\/12\/a_venir-400x400.jpg\" alt=\"\"  >                <\/div>\n                <div class=\"project__title\">\n                  <h3><\/h3>\n                <\/div>\n              <\/a>\n                          <\/div>\n              <\/div>\n    <\/div>\n  <\/section>\n\n\n","protected":false},"excerpt":{"rendered":"","protected":false},"author":5,"featured_media":0,"parent":0,"menu_order":0,"comment_status":"closed","ping_status":"closed","template":"","meta":{"_acf_changed":false,"_monsterinsights_skip_tracking":false,"_monsterinsights_sitenote_active":false,"_monsterinsights_sitenote_note":"","_monsterinsights_sitenote_category":0,"footnotes":""},"class_list":["post-291","page","type-page","status-publish","hentry"],"acf":[],"yoast_head":"<!-- This site is optimized with the Yoast SEO plugin v26.1.1 - https:\/\/yoast.com\/wordpress\/plugins\/seo\/ -->\n<title>Commercial Construction - Kasa Management<\/title>\n<meta name=\"robots\" content=\"index, follow, max-snippet:-1, max-image-preview:large, max-video-preview:-1\" \/>\n<link rel=\"canonical\" href=\"https:\/\/groupkasa.com\/fr\/commercial-construction\/\" \/>\n<meta property=\"og:locale\" content=\"fr_FR\" \/>\n<meta property=\"og:type\" content=\"article\" \/>\n<meta property=\"og:title\" content=\"Commercial Construction - Kasa Management\" \/>\n<meta property=\"og:url\" content=\"https:\/\/groupkasa.com\/fr\/commercial-construction\/\" \/>\n<meta property=\"og:site_name\" content=\"Kasa Management\" \/>\n<meta property=\"article:publisher\" content=\"https:\/\/www.facebook.com\/kasamtl\" \/>\n<meta property=\"article:modified_time\" content=\"2023-12-21T19:32:53+00:00\" \/>\n<meta property=\"og:image\" content=\"https:\/\/groupkasa.com\/wp-content\/uploads\/2025\/10\/og.jpg\" \/>\n\t<meta property=\"og:image:width\" content=\"1864\" \/>\n\t<meta property=\"og:image:height\" content=\"745\" \/>\n\t<meta property=\"og:image:type\" content=\"image\/jpeg\" \/>\n<meta name=\"twitter:card\" content=\"summary_large_image\" \/>\n<script type=\"application\/ld+json\" class=\"yoast-schema-graph\">{\"@context\":\"https:\/\/schema.org\",\"@graph\":[{\"@type\":\"WebPage\",\"@id\":\"https:\/\/groupkasa.com\/fr\/commercial-construction\/\",\"url\":\"https:\/\/groupkasa.com\/fr\/commercial-construction\/\",\"name\":\"Commercial Construction - Kasa Management\",\"isPartOf\":{\"@id\":\"https:\/\/groupkasa.com\/#website\"},\"datePublished\":\"2021-09-03T20:18:14+00:00\",\"dateModified\":\"2023-12-21T19:32:53+00:00\",\"inLanguage\":\"fr-FR\",\"potentialAction\":[{\"@type\":\"ReadAction\",\"target\":[\"https:\/\/groupkasa.com\/fr\/commercial-construction\/\"]}]},{\"@type\":\"WebSite\",\"@id\":\"https:\/\/groupkasa.com\/#website\",\"url\":\"https:\/\/groupkasa.com\/\",\"name\":\"Kasa Management\",\"description\":\"Property Management Company | Montreal | Rent Houses | Airbnb | Booking | Renovation\",\"publisher\":{\"@id\":\"https:\/\/groupkasa.com\/#organization\"},\"potentialAction\":[{\"@type\":\"SearchAction\",\"target\":{\"@type\":\"EntryPoint\",\"urlTemplate\":\"https:\/\/groupkasa.com\/?s={search_term_string}\"},\"query-input\":{\"@type\":\"PropertyValueSpecification\",\"valueRequired\":true,\"valueName\":\"search_term_string\"}}],\"inLanguage\":\"fr-FR\"},{\"@type\":\"Organization\",\"@id\":\"https:\/\/groupkasa.com\/#organization\",\"name\":\"Kasa Management\",\"url\":\"https:\/\/groupkasa.com\/\",\"logo\":{\"@type\":\"ImageObject\",\"inLanguage\":\"fr-FR\",\"@id\":\"https:\/\/groupkasa.com\/#\/schema\/logo\/image\/\",\"url\":\"https:\/\/groupkasa.com\/wp-content\/uploads\/2021\/10\/Group-Kasa-Logo-web.svg\",\"contentUrl\":\"https:\/\/groupkasa.com\/wp-content\/uploads\/2021\/10\/Group-Kasa-Logo-web.svg\",\"width\":1,\"height\":1,\"caption\":\"Kasa Management\"},\"image\":{\"@id\":\"https:\/\/groupkasa.com\/#\/schema\/logo\/image\/\"},\"sameAs\":[\"https:\/\/www.facebook.com\/kasamtl\",\"https:\/\/www.instagram.com\/group.kasa\/\"]}]}<\/script>\n<!-- \/ Yoast SEO plugin. -->","yoast_head_json":{"title":"Commercial Construction - Kasa Management","robots":{"index":"index","follow":"follow","max-snippet":"max-snippet:-1","max-image-preview":"max-image-preview:large","max-video-preview":"max-video-preview:-1"},"canonical":"https:\/\/groupkasa.com\/fr\/commercial-construction\/","og_locale":"fr_FR","og_type":"article","og_title":"Commercial Construction - Kasa Management","og_url":"https:\/\/groupkasa.com\/fr\/commercial-construction\/","og_site_name":"Kasa Management","article_publisher":"https:\/\/www.facebook.com\/kasamtl","article_modified_time":"2023-12-21T19:32:53+00:00","og_image":[{"width":1864,"height":745,"url":"https:\/\/groupkasa.com\/wp-content\/uploads\/2025\/10\/og.jpg","type":"image\/jpeg"}],"twitter_card":"summary_large_image","schema":{"@context":"https:\/\/schema.org","@graph":[{"@type":"WebPage","@id":"https:\/\/groupkasa.com\/fr\/commercial-construction\/","url":"https:\/\/groupkasa.com\/fr\/commercial-construction\/","name":"Commercial Construction - Kasa Management","isPartOf":{"@id":"https:\/\/groupkasa.com\/#website"},"datePublished":"2021-09-03T20:18:14+00:00","dateModified":"2023-12-21T19:32:53+00:00","inLanguage":"fr-FR","potentialAction":[{"@type":"ReadAction","target":["https:\/\/groupkasa.com\/fr\/commercial-construction\/"]}]},{"@type":"WebSite","@id":"https:\/\/groupkasa.com\/#website","url":"https:\/\/groupkasa.com\/","name":"Kasa Management","description":"Property Management Company | Montreal | Rent Houses | Airbnb | Booking | Renovation","publisher":{"@id":"https:\/\/groupkasa.com\/#organization"},"potentialAction":[{"@type":"SearchAction","target":{"@type":"EntryPoint","urlTemplate":"https:\/\/groupkasa.com\/?s={search_term_string}"},"query-input":{"@type":"PropertyValueSpecification","valueRequired":true,"valueName":"search_term_string"}}],"inLanguage":"fr-FR"},{"@type":"Organization","@id":"https:\/\/groupkasa.com\/#organization","name":"Kasa Management","url":"https:\/\/groupkasa.com\/","logo":{"@type":"ImageObject","inLanguage":"fr-FR","@id":"https:\/\/groupkasa.com\/#\/schema\/logo\/image\/","url":"https:\/\/groupkasa.com\/wp-content\/uploads\/2021\/10\/Group-Kasa-Logo-web.svg","contentUrl":"https:\/\/groupkasa.com\/wp-content\/uploads\/2021\/10\/Group-Kasa-Logo-web.svg","width":1,"height":1,"caption":"Kasa Management"},"image":{"@id":"https:\/\/groupkasa.com\/#\/schema\/logo\/image\/"},"sameAs":["https:\/\/www.facebook.com\/kasamtl","https:\/\/www.instagram.com\/group.kasa\/"]}]}},"_links":{"self":[{"href":"https:\/\/groupkasa.com\/fr\/wp-json\/wp\/v2\/pages\/291","targetHints":{"allow":["GET"]}}],"collection":[{"href":"https:\/\/groupkasa.com\/fr\/wp-json\/wp\/v2\/pages"}],"about":[{"href":"https:\/\/groupkasa.com\/fr\/wp-json\/wp\/v2\/types\/page"}],"author":[{"embeddable":true,"href":"https:\/\/groupkasa.com\/fr\/wp-json\/wp\/v2\/users\/5"}],"replies":[{"embeddable":true,"href":"https:\/\/groupkasa.com\/fr\/wp-json\/wp\/v2\/comments?post=291"}],"version-history":[{"count":52,"href":"https:\/\/groupkasa.com\/fr\/wp-json\/wp\/v2\/pages\/291\/revisions"}],"predecessor-version":[{"id":2532,"href":"https:\/\/groupkasa.com\/fr\/wp-json\/wp\/v2\/pages\/291\/revisions\/2532"}],"wp:attachment":[{"href":"https:\/\/groupkasa.com\/fr\/wp-json\/wp\/v2\/media?parent=291"}],"curies":[{"name":"wp","href":"https:\/\/api.w.org\/{rel}","templated":true}]}}