{"id":290,"date":"2021-09-03T20:24:19","date_gmt":"2021-09-03T20:24:19","guid":{"rendered":"https:\/\/kasamgt.com\/our-kasas\/"},"modified":"2024-01-08T22:02:48","modified_gmt":"2024-01-08T22:02:48","slug":"after-disaster-construction","status":"publish","type":"page","link":"https:\/\/groupkasa.com\/fr\/after-disaster-construction\/","title":{"rendered":"After Disaster Construction"},"content":{"rendered":"\n\n    <section class=\"default-hero\">\n        <div class=\"default-hero__bg\">\n                                <video src=\"https:\/\/groupkasa.com\/wp-content\/uploads\/2023\/11\/DisasterConstruction-Header.webm\" playsinline loop autoplay muted preload=\"none\"><\/video>\n                    <\/div>\n        <!-- <div class=\"default-hero__content flex-layout align-items-center justify-center\">\n            <div class=\"container\">\n                <div class=\"default-hero__title-large\">\n                    Our<strong>Kasas<\/strong>                <\/div>\n                <div class=\"default-hero__title-small\">\n                    Transforming your property into a touristic hub                <\/div>\n            <\/div>\n        <\/div> -->\n    <\/section>\n\n\n\n\n\n  <section class=\"icon-intro\">\n    <div class=\"container\">\n      <div class=\"icon-intro__title\">\n        <img decoding=\"async\" class=\"\" src=\"https:\/\/groupkasa.com\/wp-content\/uploads\/2021\/09\/Icon-1.png\" alt=\"\"  >        <h1>APR\u00c8S SINISTRE <span>Construction<\/span><\/h1>\n      <\/div>\n      <div class=\"icon-intro__text\">\n        <p>Un sinistre peut arriver \u00e0 tout moment et les cons\u00e9quences peuvent \u00eatre parfois catastrophiques.<br \/>\nTrouver un professionnel rapidement est n\u00e9cessaire pour agir vite. Il ne faut pas confondre vitesse et pr\u00e9cipitation, tr\u00e8s peu d\u2019entreprises sont sp\u00e9cialis\u00e9es dans la r\u00e9novation apr\u00e8s sinistre, ce qui r\u00e9clame pourtant des capacit\u00e9s bien sp\u00e9cifiques et une ma\u00eetrise des principes d\u2019interventions.<\/p>\n      <\/div>\n\n    <\/div>\n  <\/section>\n\n\n\n\n\n\n\t<section class=\"text\" data-bg=\"\">\n        <div class=\"container\">\n            <div class=\"text__inner\">\n                <p>Groupe Kasa est sp\u00e9cialis\u00e9e dans la r\u00e9novation et la gestion de dossiers sinistres apr\u00e8s les incendies, d\u00e9g\u00e2t des eaux, et autres sinistres.<\/p>\n<p><strong>Mais plus que du simple ouvrage, c\u2019est un r\u00e9el suivi dans l\u2019accompagnement de<br \/>\nvotre projet de r\u00e9novation que nous vous proposons.<\/strong><\/p>\n<p>Relev\u00e9 sur site, chiffrages des dommages \u00e0 travers des devis pr\u00e9cis et d\u00e9taill\u00e9s,<br \/>\nparticipation aux op\u00e9rations d\u2019expertises, pr\u00e9sentation des chiffres aux experts<br \/>\nd\u2019assurance pour valider les montants d\u2019indemnit\u00e9s.<\/p>\n            <\/div>\n        <\/div>\n    <\/section>\n\n\n\n\n\n\n  <section class=\"before-after light\">\n    <div class=\"container\">\n      <h2 class=\"text-center\">avant et apr\u00e8s les r\u00e9novations <br><br><span style=\"color: #ff0000\"><strong>\u2013\u2013\u2013<\/strong><\/span><\/h2>\n      <div class=\"before-ad=fter__items\">\n                    <div class=\"before-after__item\">\n              \n\t\t\t\n\t<style type=\"text\/css\">\n\t\t.slider-info-1791.bafg-slider-info .bafg-slider-title {\n\t\t\t\t\t\t\tfont-size:\n\t\t\t\t\t22px\t\t\t\t;\n\t\t\t\n\t\t\t\n\t\t\t\t\t}\n\n\t\t.slider-info-1791.bafg-slider-info .bafg-slider-description {\n\t\t\t\n\t\t\t\n\t\t\t\t\t}\n\t\t\n\t\t\n\t\t.slider-info-1791.bafg-slider-info .bafg_slider_readmore_button {\n\t\t\t\n\t\t\t\n\t\t\t\n\t\t\t\n\t\t\t\n\t\t\ttext-align: center;\n\n\t\t\t\n\t\t\t\n\t\t\t\n\t\t\t\n\t\t\t\t\t}\n\n\t\t.slider-info-1791.bafg-slider-info .bafg_slider_readmore_button:hover {\n\n\t\t\t\n\t\t\t\n\t\t\t\t\t}\n\t<\/style>\n\t\n\t\t\t<div class=\"bafg-twentytwenty-container slider-1791  \"\n\t\t\t\tbafg-orientation=\"horizontal\" bafg-default-offset=\"0.5\"\n\t\t\t\tbafg-before-label=\"Before\"\n\t\t\t\tbafg-after-label=\"After\" bafg-overlay=\"1\"\n\t\t\t\tbafg-move-slider-on-hover=\"\"\n\t\t\t\tbafg-click-to-move=\"\">\n\n\t\t\t\t\t\t\t\t<img class=\"skip-lazy\" data-skip-lazy\t\t\t\t\tsrc=\"http:\/\/groupkasa.com\/wp-content\/uploads\/2023\/03\/Group-kasa-After-Disaster-before-img-01.webp\" alt=\"destroyed living room\">\n\t\t\t\t<img class=\"skip-lazy\" data-skip-lazy\t\t\t\t\tsrc=\"http:\/\/groupkasa.com\/wp-content\/uploads\/2023\/03\/Group-kasa-After-Disaster-before-img-02.webp\" alt=\"renovated living room\">\n\n\t\t\t<\/div>\n\n\t\t\t\t<div class=\"bafg-slider-info-wraper\">\n\t\t<div style=\"\" class=\"slider-info-1791 bafg-slider-info\">\n\t\t\t\t\t<\/div>\n\t<\/div>\n\t\n\t\t\t<style type=\"text\/css\">\n\t\t\t\t\t\t\t\t\t\t\t<\/style>\n\t\t\t            <\/div>\n\n                    <div class=\"before-after__item\">\n              \n\t\t\t\n\t<style type=\"text\/css\">\n\t\t.slider-info-1778.bafg-slider-info .bafg-slider-title {\n\t\t\t\t\t\t\tfont-size:\n\t\t\t\t\t22px\t\t\t\t;\n\t\t\t\n\t\t\t\n\t\t\t\t\t}\n\n\t\t.slider-info-1778.bafg-slider-info .bafg-slider-description {\n\t\t\t\n\t\t\t\n\t\t\t\t\t}\n\t\t\n\t\t\n\t\t.slider-info-1778.bafg-slider-info .bafg_slider_readmore_button {\n\t\t\t\n\t\t\t\n\t\t\t\n\t\t\t\n\t\t\t\n\t\t\ttext-align: center;\n\n\t\t\t\n\t\t\t\n\t\t\t\n\t\t\t\n\t\t\t\t\t}\n\n\t\t.slider-info-1778.bafg-slider-info .bafg_slider_readmore_button:hover {\n\n\t\t\t\n\t\t\t\n\t\t\t\t\t}\n\t<\/style>\n\t\n\t\t\t<div class=\"bafg-twentytwenty-container slider-1778  \"\n\t\t\t\tbafg-orientation=\"horizontal\" bafg-default-offset=\"0.5\"\n\t\t\t\tbafg-before-label=\"Before\"\n\t\t\t\tbafg-after-label=\"After\" bafg-overlay=\"1\"\n\t\t\t\tbafg-move-slider-on-hover=\"\"\n\t\t\t\tbafg-click-to-move=\"\">\n\n\t\t\t\t\t\t\t\t<img class=\"skip-lazy\" data-skip-lazy\t\t\t\t\tsrc=\"http:\/\/groupkasa.com\/wp-content\/uploads\/2023\/03\/Group-kasa-After-Disaster-before-img-03.webp\" alt=\"Destroyed Living room\">\n\t\t\t\t<img class=\"skip-lazy\" data-skip-lazy\t\t\t\t\tsrc=\"http:\/\/groupkasa.com\/wp-content\/uploads\/2023\/03\/Group-kasa-After-Disaster-before-img-04.webp\" alt=\"Renovated Living room\">\n\n\t\t\t<\/div>\n\n\t\t\t\t<div class=\"bafg-slider-info-wraper\">\n\t\t<div style=\"\" class=\"slider-info-1778 bafg-slider-info\">\n\t\t\t\t\t<\/div>\n\t<\/div>\n\t\n\t\t\t<style type=\"text\/css\">\n\t\t\t\t\t\t\t\t\t\t\t<\/style>\n\t\t\t            <\/div>\n\n              <\/div>\n    <\/div>\n  <\/section>\n\n","protected":false},"excerpt":{"rendered":"","protected":false},"author":5,"featured_media":0,"parent":0,"menu_order":0,"comment_status":"closed","ping_status":"closed","template":"","meta":{"_acf_changed":false,"_monsterinsights_skip_tracking":false,"_monsterinsights_sitenote_active":false,"_monsterinsights_sitenote_note":"","_monsterinsights_sitenote_category":0,"footnotes":""},"class_list":["post-290","page","type-page","status-publish","hentry"],"acf":[],"yoast_head":"<!-- This site is optimized with the Yoast SEO plugin v26.1.1 - https:\/\/yoast.com\/wordpress\/plugins\/seo\/ -->\n<title>After Disaster Construction - Kasa Management<\/title>\n<meta name=\"robots\" content=\"index, follow, max-snippet:-1, max-image-preview:large, max-video-preview:-1\" \/>\n<link rel=\"canonical\" href=\"https:\/\/groupkasa.com\/fr\/after-disaster-construction\/\" \/>\n<meta property=\"og:locale\" content=\"fr_FR\" \/>\n<meta property=\"og:type\" content=\"article\" \/>\n<meta property=\"og:title\" content=\"After Disaster Construction - Kasa Management\" \/>\n<meta property=\"og:url\" content=\"https:\/\/groupkasa.com\/fr\/after-disaster-construction\/\" \/>\n<meta property=\"og:site_name\" content=\"Kasa Management\" \/>\n<meta property=\"article:publisher\" content=\"https:\/\/www.facebook.com\/kasamtl\" \/>\n<meta property=\"article:modified_time\" content=\"2024-01-08T22:02:48+00:00\" \/>\n<meta property=\"og:image\" content=\"https:\/\/groupkasa.com\/wp-content\/uploads\/2025\/10\/og.jpg\" \/>\n\t<meta property=\"og:image:width\" content=\"1864\" \/>\n\t<meta property=\"og:image:height\" content=\"745\" \/>\n\t<meta property=\"og:image:type\" content=\"image\/jpeg\" \/>\n<meta name=\"twitter:card\" content=\"summary_large_image\" \/>\n<script type=\"application\/ld+json\" class=\"yoast-schema-graph\">{\"@context\":\"https:\/\/schema.org\",\"@graph\":[{\"@type\":\"WebPage\",\"@id\":\"https:\/\/groupkasa.com\/fr\/after-disaster-construction\/\",\"url\":\"https:\/\/groupkasa.com\/fr\/after-disaster-construction\/\",\"name\":\"After Disaster Construction - Kasa Management\",\"isPartOf\":{\"@id\":\"https:\/\/groupkasa.com\/#website\"},\"datePublished\":\"2021-09-03T20:24:19+00:00\",\"dateModified\":\"2024-01-08T22:02:48+00:00\",\"inLanguage\":\"fr-FR\",\"potentialAction\":[{\"@type\":\"ReadAction\",\"target\":[\"https:\/\/groupkasa.com\/fr\/after-disaster-construction\/\"]}]},{\"@type\":\"WebSite\",\"@id\":\"https:\/\/groupkasa.com\/#website\",\"url\":\"https:\/\/groupkasa.com\/\",\"name\":\"Kasa Management\",\"description\":\"Property Management Company | Montreal | Rent Houses | Airbnb | Booking | Renovation\",\"publisher\":{\"@id\":\"https:\/\/groupkasa.com\/#organization\"},\"potentialAction\":[{\"@type\":\"SearchAction\",\"target\":{\"@type\":\"EntryPoint\",\"urlTemplate\":\"https:\/\/groupkasa.com\/?s={search_term_string}\"},\"query-input\":{\"@type\":\"PropertyValueSpecification\",\"valueRequired\":true,\"valueName\":\"search_term_string\"}}],\"inLanguage\":\"fr-FR\"},{\"@type\":\"Organization\",\"@id\":\"https:\/\/groupkasa.com\/#organization\",\"name\":\"Kasa Management\",\"url\":\"https:\/\/groupkasa.com\/\",\"logo\":{\"@type\":\"ImageObject\",\"inLanguage\":\"fr-FR\",\"@id\":\"https:\/\/groupkasa.com\/#\/schema\/logo\/image\/\",\"url\":\"https:\/\/groupkasa.com\/wp-content\/uploads\/2021\/10\/Group-Kasa-Logo-web.svg\",\"contentUrl\":\"https:\/\/groupkasa.com\/wp-content\/uploads\/2021\/10\/Group-Kasa-Logo-web.svg\",\"width\":1,\"height\":1,\"caption\":\"Kasa Management\"},\"image\":{\"@id\":\"https:\/\/groupkasa.com\/#\/schema\/logo\/image\/\"},\"sameAs\":[\"https:\/\/www.facebook.com\/kasamtl\",\"https:\/\/www.instagram.com\/group.kasa\/\"]}]}<\/script>\n<!-- \/ Yoast SEO plugin. -->","yoast_head_json":{"title":"After Disaster Construction - Kasa Management","robots":{"index":"index","follow":"follow","max-snippet":"max-snippet:-1","max-image-preview":"max-image-preview:large","max-video-preview":"max-video-preview:-1"},"canonical":"https:\/\/groupkasa.com\/fr\/after-disaster-construction\/","og_locale":"fr_FR","og_type":"article","og_title":"After Disaster Construction - Kasa Management","og_url":"https:\/\/groupkasa.com\/fr\/after-disaster-construction\/","og_site_name":"Kasa Management","article_publisher":"https:\/\/www.facebook.com\/kasamtl","article_modified_time":"2024-01-08T22:02:48+00:00","og_image":[{"width":1864,"height":745,"url":"https:\/\/groupkasa.com\/wp-content\/uploads\/2025\/10\/og.jpg","type":"image\/jpeg"}],"twitter_card":"summary_large_image","schema":{"@context":"https:\/\/schema.org","@graph":[{"@type":"WebPage","@id":"https:\/\/groupkasa.com\/fr\/after-disaster-construction\/","url":"https:\/\/groupkasa.com\/fr\/after-disaster-construction\/","name":"After Disaster Construction - Kasa Management","isPartOf":{"@id":"https:\/\/groupkasa.com\/#website"},"datePublished":"2021-09-03T20:24:19+00:00","dateModified":"2024-01-08T22:02:48+00:00","inLanguage":"fr-FR","potentialAction":[{"@type":"ReadAction","target":["https:\/\/groupkasa.com\/fr\/after-disaster-construction\/"]}]},{"@type":"WebSite","@id":"https:\/\/groupkasa.com\/#website","url":"https:\/\/groupkasa.com\/","name":"Kasa Management","description":"Property Management Company | Montreal | Rent Houses | Airbnb | Booking | Renovation","publisher":{"@id":"https:\/\/groupkasa.com\/#organization"},"potentialAction":[{"@type":"SearchAction","target":{"@type":"EntryPoint","urlTemplate":"https:\/\/groupkasa.com\/?s={search_term_string}"},"query-input":{"@type":"PropertyValueSpecification","valueRequired":true,"valueName":"search_term_string"}}],"inLanguage":"fr-FR"},{"@type":"Organization","@id":"https:\/\/groupkasa.com\/#organization","name":"Kasa Management","url":"https:\/\/groupkasa.com\/","logo":{"@type":"ImageObject","inLanguage":"fr-FR","@id":"https:\/\/groupkasa.com\/#\/schema\/logo\/image\/","url":"https:\/\/groupkasa.com\/wp-content\/uploads\/2021\/10\/Group-Kasa-Logo-web.svg","contentUrl":"https:\/\/groupkasa.com\/wp-content\/uploads\/2021\/10\/Group-Kasa-Logo-web.svg","width":1,"height":1,"caption":"Kasa Management"},"image":{"@id":"https:\/\/groupkasa.com\/#\/schema\/logo\/image\/"},"sameAs":["https:\/\/www.facebook.com\/kasamtl","https:\/\/www.instagram.com\/group.kasa\/"]}]}},"_links":{"self":[{"href":"https:\/\/groupkasa.com\/fr\/wp-json\/wp\/v2\/pages\/290","targetHints":{"allow":["GET"]}}],"collection":[{"href":"https:\/\/groupkasa.com\/fr\/wp-json\/wp\/v2\/pages"}],"about":[{"href":"https:\/\/groupkasa.com\/fr\/wp-json\/wp\/v2\/types\/page"}],"author":[{"embeddable":true,"href":"https:\/\/groupkasa.com\/fr\/wp-json\/wp\/v2\/users\/5"}],"replies":[{"embeddable":true,"href":"https:\/\/groupkasa.com\/fr\/wp-json\/wp\/v2\/comments?post=290"}],"version-history":[{"count":44,"href":"https:\/\/groupkasa.com\/fr\/wp-json\/wp\/v2\/pages\/290\/revisions"}],"predecessor-version":[{"id":2552,"href":"https:\/\/groupkasa.com\/fr\/wp-json\/wp\/v2\/pages\/290\/revisions\/2552"}],"wp:attachment":[{"href":"https:\/\/groupkasa.com\/fr\/wp-json\/wp\/v2\/media?parent=290"}],"curies":[{"name":"wp","href":"https:\/\/api.w.org\/{rel}","templated":true}]}}