{"id":285,"date":"2021-09-03T15:58:15","date_gmt":"2021-09-03T15:58:15","guid":{"rendered":"https:\/\/kasamgt.com\/home\/"},"modified":"2024-02-29T22:31:59","modified_gmt":"2024-02-29T22:31:59","slug":"home","status":"publish","type":"page","link":"https:\/\/groupkasa.com\/fr\/","title":{"rendered":"Home"},"content":{"rendered":"\n\n\t<section class=\"main-hero\">\n        <div class=\"main-hero__bg\">\n                            <video src=\"https:\/\/groupkasa.com\/wp-content\/uploads\/2023\/11\/Group-Kasa-hero-video-web.webm\" loop autoplay muted playsinline class=\"img-fit\"><\/video>\n                    <\/div>\n        <div class=\"main-hero__content flex-layout align-items-center justify-center\">\n            <div class=\"container\">\n                <div class=\"main-hero__uvp\">\n                    CONSTRUIRE POUR L&rsquo;AVENIR <span>r\u00e9novation et construction<\/span>                <\/div>\n                <div class=\"main-hero__cta\">\n                    <a href=\"https:\/\/groupkasa.com\/fr\/evaluation-gratuite\/\" class=\"btn\">\u00c9valuation gratuite<\/a>\n                <\/div>\n            <\/div>\n        <\/div>\n        <div class=\"main-hero__scroll\"><\/div>\n    <\/section>\n\n\n\n\n\n\n\t<section class=\"home-intro\">\n        <div class=\"container\">\n            <div class=\"flex-layout align-items-center\">\n                <div class=\"home-intro__images\">\n                    <div class=\"home-intro__image-large animate-fade top\">\n                        <img class=\"img-fit\" data-src=\"https:\/\/groupkasa.com\/wp-content\/uploads\/2024\/02\/about-us.jpg\" alt=\"\"  >                    <\/div>\n                    <div class=\"home-intro__thumb animate-fade right\">\n                        <img class=\"img-fit\" data-src=\"https:\/\/groupkasa.com\/wp-content\/uploads\/2024\/02\/our-team-2.jpg\" alt=\"\"  >                    <\/div>\n                <\/div>\n                <div class=\"home-intro__text animate-fade left\">\n                    <h1>\u00c0 propos de nous<\/h1>\n                    <p>Bienvenue chez Group Kasa, o\u00f9 la construction rencontre un h\u00e9ritage fond\u00e9 sur la confiance, les valeurs familiales et deux d\u00e9cennies d&rsquo;engagement in\u00e9branlable. L\u2019entreprise a \u00e9t\u00e9 fond\u00e9e par deux amis qui ont partag\u00e9 une vision et une passion pour la construction. Notre histoire a commenc\u00e9 lorsqu&rsquo;ils sont arriv\u00e9s au pays avec rien d&rsquo;autre que leur d\u00e9termination.<\/p>\n<p>Nos fondateurs ont pos\u00e9 la pierre angulaire de notre entreprise avec une fondation bas\u00e9e sur l\u2019honn\u00eatet\u00e9, la fiabilit\u00e9 et la transparence. Depuis 20 ans, nous sommes fiers de servir \u00e0 notre communaut\u00e9, notre cr\u00e9dibilit\u00e9 repose sur l&rsquo;honn\u00eatet\u00e9 et la fiabilit\u00e9 qui nous sont reconnues, gr\u00e2ce \u00e0 notre engagement envers la qualit\u00e9 et l&rsquo;int\u00e9grit\u00e9 dans chaque projet que nous entreprenons.<\/p>\n<p>Au fil du temps, le flambeau a \u00e9t\u00e9 transmis \u00e0 la g\u00e9n\u00e9ration suivante, alors que les fils des fondateurs se sont mobilis\u00e9s pour perp\u00e9tuer les valeurs et les traditions qui ont fait de cette entreprise ce qu&rsquo;elle est aujourd&rsquo;hui. S&rsquo;appuyant sur les bases solides \u00e9tablies par leurs p\u00e8res, ils se sont impr\u00e9gn\u00e9s de la m\u00eame passion et du m\u00eame engagement, non seulement pour la pr\u00e9servation du patrimoine \u00e0 long terme, mais aussi pour d\u00e9velopper et faire \u00e9voluer davantage l&rsquo;entreprise.<\/p>\n<p>Chez Group Kasa, nous cherchons \u00e0 \u00e9tablir avec nos clients des relations qui se veulent bas\u00e9es sur la confiance, en faisant preuve de transparence \u00e0 chaque \u00e9tape du processus de construction. Notre objectif n&rsquo;est pas simplement de construire des structures, mais de tisser des liens de confiance durables avec nos clients et la communaut\u00e9. En mettant l&rsquo;accent sur les valeurs familiales et en visant l&rsquo;excellence et l\u2019efficacit\u00e9, nous continuons \u00e0 rechercher des solutions innovantes tout en respectant les principes qui nous guident depuis le d\u00e9but.<\/p>\n                                    <\/div>\n            <\/div>\n        <\/div>\n    <\/section>\n\n\n\n\n\n\n\t<section class=\"home-features\">\n        <div class=\"container\">\n            <h2 class=\"small text-center\">Nos quatre piliers de la r\u00e9ussite<\/h2>\n            <ul class=\"home-features__items flex-layout justify-between \">\n                                    <li class=\"animate-fade top\">\n                        <div class=\"icon\">\n                            <img class=\"\" data-src=\"https:\/\/groupkasa.com\/wp-content\/uploads\/2021\/09\/GK-icon-V1-2.png\" alt=\"\"  >                        <\/div>\n                        <h3>Le service client\u00e8le<\/h3>\n                    <\/li>\n                                    <li class=\"animate-fade top\">\n                        <div class=\"icon\">\n                            <img class=\"\" data-src=\"https:\/\/groupkasa.com\/wp-content\/uploads\/2021\/09\/GK-icon-V2-2.png\" alt=\"\"  >                        <\/div>\n                        <h3>La gestion financi\u00e8re<\/h3>\n                    <\/li>\n                                    <li class=\"animate-fade top\">\n                        <div class=\"icon\">\n                            <img class=\"\" data-src=\"https:\/\/groupkasa.com\/wp-content\/uploads\/2021\/09\/GK-icon-V3-2.png\" alt=\"\"  >                        <\/div>\n                        <h3>L\u2019efficacit\u00e9 op\u00e9rationnelle<\/h3>\n                    <\/li>\n                                    <li class=\"animate-fade top\">\n                        <div class=\"icon\">\n                            <img class=\"\" data-src=\"https:\/\/groupkasa.com\/wp-content\/uploads\/2021\/09\/GK-Icon-V4-2.png\" alt=\"\"  >                        <\/div>\n                        <h3>L\u2019am\u00e9lioration continue<\/h3>\n                    <\/li>\n                            <\/ul>\n        <\/div>\n    <\/section>\n\n\n\n\n\n\n\t<section class=\"home-cards\">\n        <div class=\"container flex-layout justify-between\">\n                            <div class=\"home-card\">\n                    <img class=\"\" data-src=\"https:\/\/groupkasa.com\/wp-content\/uploads\/2023\/11\/Group-kasa-home-renovation.webp\" alt=\"House renovation photo of a living room\"  >                    <div class=\"home-card__content\">\n                        <h3>R\u00e9novation <br> <strong>R\u00e9sidentielle<\/strong><\/h3>\n                        <div class=\"home-card__hidden\">\n                            <p><\/p>\n                                                            <a class=\"btn btn--white\" target=\"_self\" href=\"\/fr\/home-renovation\/\">apprendre encore plus<\/a>\n                                                    <\/div>\n                    <\/div>\n                <\/div>\n                            <div class=\"home-card\">\n                    <img class=\"\" data-src=\"https:\/\/groupkasa.com\/wp-content\/uploads\/2023\/11\/Group-kasa-commercial-construction.webp\" alt=\"Bar with tables and a space for music performance\"  >                    <div class=\"home-card__content\">\n                        <h3>Construction <br> <strong>commerciale<\/strong><\/h3>\n                        <div class=\"home-card__hidden\">\n                            <p><\/p>\n                                                            <a class=\"btn btn--white\" target=\"_self\" href=\"\/fr\/commercial-construction\/\">apprendre encore plus<\/a>\n                                                    <\/div>\n                    <\/div>\n                <\/div>\n                            <div class=\"home-card\">\n                    <img class=\"\" data-src=\"https:\/\/groupkasa.com\/wp-content\/uploads\/2023\/11\/Group-kasa-after-disaster.webp\" alt=\"Photo of a destroyed house\"  >                    <div class=\"home-card__content\">\n                        <h3>Construction <br> <strong>apr\u00e8s sinistre<\/strong><\/h3>\n                        <div class=\"home-card__hidden\">\n                            <p><\/p>\n                                                            <a class=\"btn btn--white\" target=\"_self\" href=\"\/fr\/after-disaster-construction\/\">apprendre encore plus<\/a>\n                                                    <\/div>\n                    <\/div>\n                <\/div>\n            \n        <\/div>\n    <\/section>\n\n\n\n\n\n\n\t<section class=\"large-text\">\n        <div class=\"container\">\n            <p><strong>Nous sommes \u00e0 jour avec<\/strong> les techniques de <strong>r\u00e9novation de la maison<\/strong> les plus innovantes. Ce qui nous permet d\u2019offrir \u00e0 nos clients un travail de <strong>qualit\u00e9<\/strong> et de r\u00e9pondre ad\u00e9quatement \u00e0 leurs besoins.<\/p>\n        <\/div>\n    <\/section>\n\n\n\n\n\n\n  <section class=\"home-contact\">\n    <div class=\"container\">\n      <div class=\"flex-layout align-items-center\">\n        <div class=\"home-contact__title\">\n          <h2>Nous aimerions <br \/> entendre <br \/> plus \u00e0 propos <span>de votre prochain projet!<\/span><\/h2>\n        <\/div>\n        <div class=\"home-contact__form\">\n          <h3>Contactez-nous<\/h3>\n\n<div class=\"wpcf7 no-js\" id=\"wpcf7-f1273-o1\" lang=\"en-US\" dir=\"ltr\" data-wpcf7-id=\"1273\">\n<div class=\"screen-reader-response\"><p role=\"status\" aria-live=\"polite\" aria-atomic=\"true\"><\/p> <ul><\/ul><\/div>\n<form action=\"\/fr\/wp-json\/wp\/v2\/pages\/285#wpcf7-f1273-o1\" method=\"post\" class=\"wpcf7-form init\" aria-label=\"Contact form\" novalidate=\"novalidate\" data-status=\"init\">\n<fieldset class=\"hidden-fields-container\"><input type=\"hidden\" name=\"_wpcf7\" value=\"1273\" \/><input type=\"hidden\" name=\"_wpcf7_version\" value=\"6.1.2\" \/><input type=\"hidden\" name=\"_wpcf7_locale\" value=\"en_US\" \/><input type=\"hidden\" name=\"_wpcf7_unit_tag\" value=\"wpcf7-f1273-o1\" \/><input type=\"hidden\" name=\"_wpcf7_container_post\" value=\"0\" \/><input type=\"hidden\" name=\"_wpcf7_posted_data_hash\" value=\"\" \/><input type=\"hidden\" name=\"_wpcf7_recaptcha_response\" value=\"\" \/>\n<\/fieldset>\n<div class=\"field\">\n\t<p><label for=\"looking-for\" class=\"hidden\">Qu&rsquo;est-ce que vous recherchez?<\/label><br \/>\n<span class=\"wpcf7-form-control-wrap\" data-name=\"looking-for\"><select class=\"wpcf7-form-control wpcf7-select\" aria-invalid=\"false\" name=\"looking-for\"><option value=\"\">Qu&#039;est-ce que vous recherchez?<\/option><option value=\"Gestion r\u00e9sidentielle\">Gestion r\u00e9sidentielle<\/option><option value=\"Gestion commerciale\">Gestion commerciale<\/option><\/select><\/span>\n\t<\/p>\n<\/div>\n<div class=\"field\">\n\t<p><label for=\"your-name\" class=\"hidden\">Nom, Pr\u00e9nom<\/label><br \/>\n<span class=\"wpcf7-form-control-wrap\" data-name=\"your-name\"><input size=\"40\" maxlength=\"400\" class=\"wpcf7-form-control wpcf7-text\" aria-invalid=\"false\" placeholder=\"Nom, Pr\u00e9nom\" value=\"\" type=\"text\" name=\"your-name\" \/><\/span>\n\t<\/p>\n<\/div>\n<div class=\"field\">\n\t<p><label for=\"your-email\" class=\"hidden\">Adresse courriel<\/label><br \/>\n<span class=\"wpcf7-form-control-wrap\" data-name=\"your-email\"><input size=\"40\" maxlength=\"400\" class=\"wpcf7-form-control wpcf7-text\" aria-invalid=\"false\" placeholder=\"Adresse courriel\" value=\"\" type=\"text\" name=\"your-email\" \/><\/span>\n\t<\/p>\n<\/div>\n<div class=\"field\">\n\t<p><label for=\"your-phone\" class=\"hidden\">Num\u00e9ro de t\u00e9l\u00e9phone<\/label><br \/>\n<span class=\"wpcf7-form-control-wrap\" data-name=\"your-phone\"><input size=\"40\" maxlength=\"400\" class=\"wpcf7-form-control wpcf7-text\" aria-invalid=\"false\" placeholder=\"Num\u00e9ro de t\u00e9l\u00e9phone\" value=\"\" type=\"text\" name=\"your-phone\" \/><\/span>\n\t<\/p>\n<\/div>\n<div class=\"field\">\n\t<p><label for=\"your-message\" class=\"hidden\">Commentaries<\/label><br \/>\n<span class=\"wpcf7-form-control-wrap\" data-name=\"your-message\"><textarea cols=\"40\" rows=\"6\" maxlength=\"2000\" class=\"wpcf7-form-control wpcf7-textarea\" aria-invalid=\"false\" placeholder=\"Commentaries\" name=\"your-message\"><\/textarea><\/span>\n\t<\/p>\n<\/div>\n<p><button type=\"submit\" class=\"btn\">Envoyer<\/button>\n<\/p><div class=\"wpcf7-response-output\" aria-hidden=\"true\"><\/div>\n<\/form>\n<\/div>\n\n        <\/div>\n      <\/div>\n\n\n    <\/div>\n  <\/section>\n\n\n","protected":false},"excerpt":{"rendered":"","protected":false},"author":5,"featured_media":0,"parent":0,"menu_order":0,"comment_status":"closed","ping_status":"closed","template":"","meta":{"_acf_changed":false,"_monsterinsights_skip_tracking":false,"_monsterinsights_sitenote_active":false,"_monsterinsights_sitenote_note":"","_monsterinsights_sitenote_category":0,"footnotes":""},"class_list":["post-285","page","type-page","status-publish","hentry"],"acf":[],"yoast_head":"<!-- This site is optimized with the Yoast SEO plugin v26.1.1 - https:\/\/yoast.com\/wordpress\/plugins\/seo\/ -->\n<title>Home - Kasa Management<\/title>\n<meta name=\"robots\" content=\"index, follow, max-snippet:-1, max-image-preview:large, max-video-preview:-1\" \/>\n<link rel=\"canonical\" href=\"https:\/\/groupkasa.com\/fr\/\" \/>\n<meta property=\"og:locale\" content=\"fr_FR\" \/>\n<meta property=\"og:type\" content=\"article\" \/>\n<meta property=\"og:title\" content=\"Home - Kasa Management\" \/>\n<meta property=\"og:url\" content=\"https:\/\/groupkasa.com\/fr\/\" \/>\n<meta property=\"og:site_name\" content=\"Kasa Management\" \/>\n<meta property=\"article:publisher\" content=\"https:\/\/www.facebook.com\/kasamtl\" \/>\n<meta property=\"article:modified_time\" content=\"2024-02-29T22:31:59+00:00\" \/>\n<meta property=\"og:image\" content=\"https:\/\/groupkasa.com\/wp-content\/uploads\/2025\/10\/og.jpg\" \/>\n\t<meta property=\"og:image:width\" content=\"1864\" \/>\n\t<meta property=\"og:image:height\" content=\"745\" \/>\n\t<meta property=\"og:image:type\" content=\"image\/jpeg\" \/>\n<meta name=\"twitter:card\" content=\"summary_large_image\" \/>\n<script type=\"application\/ld+json\" class=\"yoast-schema-graph\">{\"@context\":\"https:\/\/schema.org\",\"@graph\":[{\"@type\":\"WebPage\",\"@id\":\"https:\/\/groupkasa.com\/fr\/\",\"url\":\"https:\/\/groupkasa.com\/fr\/\",\"name\":\"Home - Kasa Management\",\"isPartOf\":{\"@id\":\"https:\/\/groupkasa.com\/#website\"},\"datePublished\":\"2021-09-03T15:58:15+00:00\",\"dateModified\":\"2024-02-29T22:31:59+00:00\",\"inLanguage\":\"fr-FR\",\"potentialAction\":[{\"@type\":\"ReadAction\",\"target\":[\"https:\/\/groupkasa.com\/fr\/\"]}]},{\"@type\":\"WebSite\",\"@id\":\"https:\/\/groupkasa.com\/#website\",\"url\":\"https:\/\/groupkasa.com\/\",\"name\":\"Kasa Management\",\"description\":\"Property Management Company | Montreal | Rent Houses | Airbnb | Booking | Renovation\",\"publisher\":{\"@id\":\"https:\/\/groupkasa.com\/#organization\"},\"potentialAction\":[{\"@type\":\"SearchAction\",\"target\":{\"@type\":\"EntryPoint\",\"urlTemplate\":\"https:\/\/groupkasa.com\/?s={search_term_string}\"},\"query-input\":{\"@type\":\"PropertyValueSpecification\",\"valueRequired\":true,\"valueName\":\"search_term_string\"}}],\"inLanguage\":\"fr-FR\"},{\"@type\":\"Organization\",\"@id\":\"https:\/\/groupkasa.com\/#organization\",\"name\":\"Kasa Management\",\"url\":\"https:\/\/groupkasa.com\/\",\"logo\":{\"@type\":\"ImageObject\",\"inLanguage\":\"fr-FR\",\"@id\":\"https:\/\/groupkasa.com\/#\/schema\/logo\/image\/\",\"url\":\"https:\/\/groupkasa.com\/wp-content\/uploads\/2021\/10\/Group-Kasa-Logo-web.svg\",\"contentUrl\":\"https:\/\/groupkasa.com\/wp-content\/uploads\/2021\/10\/Group-Kasa-Logo-web.svg\",\"width\":1,\"height\":1,\"caption\":\"Kasa Management\"},\"image\":{\"@id\":\"https:\/\/groupkasa.com\/#\/schema\/logo\/image\/\"},\"sameAs\":[\"https:\/\/www.facebook.com\/kasamtl\",\"https:\/\/www.instagram.com\/group.kasa\/\"]}]}<\/script>\n<!-- \/ Yoast SEO plugin. -->","yoast_head_json":{"title":"Home - Kasa Management","robots":{"index":"index","follow":"follow","max-snippet":"max-snippet:-1","max-image-preview":"max-image-preview:large","max-video-preview":"max-video-preview:-1"},"canonical":"https:\/\/groupkasa.com\/fr\/","og_locale":"fr_FR","og_type":"article","og_title":"Home - Kasa Management","og_url":"https:\/\/groupkasa.com\/fr\/","og_site_name":"Kasa Management","article_publisher":"https:\/\/www.facebook.com\/kasamtl","article_modified_time":"2024-02-29T22:31:59+00:00","og_image":[{"width":1864,"height":745,"url":"https:\/\/groupkasa.com\/wp-content\/uploads\/2025\/10\/og.jpg","type":"image\/jpeg"}],"twitter_card":"summary_large_image","schema":{"@context":"https:\/\/schema.org","@graph":[{"@type":"WebPage","@id":"https:\/\/groupkasa.com\/fr\/","url":"https:\/\/groupkasa.com\/fr\/","name":"Home - Kasa Management","isPartOf":{"@id":"https:\/\/groupkasa.com\/#website"},"datePublished":"2021-09-03T15:58:15+00:00","dateModified":"2024-02-29T22:31:59+00:00","inLanguage":"fr-FR","potentialAction":[{"@type":"ReadAction","target":["https:\/\/groupkasa.com\/fr\/"]}]},{"@type":"WebSite","@id":"https:\/\/groupkasa.com\/#website","url":"https:\/\/groupkasa.com\/","name":"Kasa Management","description":"Property Management Company | Montreal | Rent Houses | Airbnb | Booking | Renovation","publisher":{"@id":"https:\/\/groupkasa.com\/#organization"},"potentialAction":[{"@type":"SearchAction","target":{"@type":"EntryPoint","urlTemplate":"https:\/\/groupkasa.com\/?s={search_term_string}"},"query-input":{"@type":"PropertyValueSpecification","valueRequired":true,"valueName":"search_term_string"}}],"inLanguage":"fr-FR"},{"@type":"Organization","@id":"https:\/\/groupkasa.com\/#organization","name":"Kasa Management","url":"https:\/\/groupkasa.com\/","logo":{"@type":"ImageObject","inLanguage":"fr-FR","@id":"https:\/\/groupkasa.com\/#\/schema\/logo\/image\/","url":"https:\/\/groupkasa.com\/wp-content\/uploads\/2021\/10\/Group-Kasa-Logo-web.svg","contentUrl":"https:\/\/groupkasa.com\/wp-content\/uploads\/2021\/10\/Group-Kasa-Logo-web.svg","width":1,"height":1,"caption":"Kasa Management"},"image":{"@id":"https:\/\/groupkasa.com\/#\/schema\/logo\/image\/"},"sameAs":["https:\/\/www.facebook.com\/kasamtl","https:\/\/www.instagram.com\/group.kasa\/"]}]}},"_links":{"self":[{"href":"https:\/\/groupkasa.com\/fr\/wp-json\/wp\/v2\/pages\/285","targetHints":{"allow":["GET"]}}],"collection":[{"href":"https:\/\/groupkasa.com\/fr\/wp-json\/wp\/v2\/pages"}],"about":[{"href":"https:\/\/groupkasa.com\/fr\/wp-json\/wp\/v2\/types\/page"}],"author":[{"embeddable":true,"href":"https:\/\/groupkasa.com\/fr\/wp-json\/wp\/v2\/users\/5"}],"replies":[{"embeddable":true,"href":"https:\/\/groupkasa.com\/fr\/wp-json\/wp\/v2\/comments?post=285"}],"version-history":[{"count":83,"href":"https:\/\/groupkasa.com\/fr\/wp-json\/wp\/v2\/pages\/285\/revisions"}],"predecessor-version":[{"id":2585,"href":"https:\/\/groupkasa.com\/fr\/wp-json\/wp\/v2\/pages\/285\/revisions\/2585"}],"wp:attachment":[{"href":"https:\/\/groupkasa.com\/fr\/wp-json\/wp\/v2\/media?parent=285"}],"curies":[{"name":"wp","href":"https:\/\/api.w.org\/{rel}","templated":true}]}}