{"id":2506,"date":"2023-12-19T22:17:39","date_gmt":"2023-12-19T22:17:39","guid":{"rendered":"https:\/\/groupkasa.com\/?page_id=2506"},"modified":"2023-12-19T22:19:39","modified_gmt":"2023-12-19T22:19:39","slug":"evaluation-gratuite","status":"publish","type":"page","link":"https:\/\/groupkasa.com\/fr\/evaluation-gratuite\/","title":{"rendered":"\u00c9valuation gratuite"},"content":{"rendered":"\n\n    <section class=\"default-hero\">\n        <div class=\"default-hero__bg\">\n                                <video src=\"https:\/\/groupkasa.com\/wp-content\/uploads\/2023\/11\/HomeRenovation-Header.webm\" playsinline loop autoplay muted preload=\"none\"><\/video>\n                    <\/div>\n        <!-- <div class=\"default-hero__content flex-layout align-items-center justify-center\">\n            <div class=\"container\">\n                <div class=\"default-hero__title-large\">\n                    R\u00c9NOVATION<strong>R\u00c9SIDENTIELLE<\/strong>                <\/div>\n                <div class=\"default-hero__title-small\">\n                    Where your house becomes your home.                <\/div>\n            <\/div>\n        <\/div> -->\n    <\/section>\n\n\n\n\n\n  <section class=\"icon-intro\">\n    <div class=\"container\">\n      <div class=\"icon-intro__title\">\n        <img decoding=\"async\" class=\"\" src=\"https:\/\/groupkasa.com\/wp-content\/uploads\/2021\/09\/Icon-1.png\" alt=\"\"  >        <h1>\u00c9valuation <span>Gratuite<\/span><\/h1>\n      <\/div>\n      <div class=\"icon-intro__text\">\n        <p>Lib\u00e9rez le potentiel de votre espace de vie avec notre offre exclusive d&rsquo;\u00e9valuation gratuite pour la r\u00e9novation de votre maison ! Transformez votre r\u00e9sidence en le havre de vos r\u00eaves en profitant du regard avis\u00e9 de notre \u00e9quipe d&rsquo;experts en design et en fonctionnalit\u00e9. Que vous envisagiez une cuisine moderne, une chambre douillette ou un salon \u00e9l\u00e9gant, nos professionnels qualifi\u00e9s sont pr\u00eats \u00e0 \u00e9valuer vos besoins. Inscrivez-vous d\u00e8s maintenant pour une \u00e9valuation gratuite et laissez-nous vous guider \u00e0 travers les possibilit\u00e9s passionnantes pour am\u00e9liorer l&rsquo;esth\u00e9tique et la fonctionnalit\u00e9 de votre maison. Rehaussez votre exp\u00e9rience de vie d\u00e8s aujourd&rsquo;hui !<\/p>\n      <\/div>\n\n    <\/div>\n  <\/section>\n\n\n\n\n\n\n  <section class=\"home-contact\">\n    <div class=\"container\">\n      <div class=\"flex-layout align-items-center\">\n        <div class=\"home-contact__title\">\n          <h2>Nous aimerions <br \/> entendre <br \/> plus \u00e0 propos <span>de votre prochain projet!<\/span><\/h2>\n        <\/div>\n        <div class=\"home-contact__form\">\n          <h3>\u00c9valuation gratuite<\/h3>\n\n<div class=\"wpcf7 no-js\" id=\"wpcf7-f1273-o1\" lang=\"en-US\" dir=\"ltr\" data-wpcf7-id=\"1273\">\n<div class=\"screen-reader-response\"><p role=\"status\" aria-live=\"polite\" aria-atomic=\"true\"><\/p> <ul><\/ul><\/div>\n<form action=\"\/fr\/wp-json\/wp\/v2\/pages\/2506#wpcf7-f1273-o1\" method=\"post\" class=\"wpcf7-form init\" aria-label=\"Contact form\" novalidate=\"novalidate\" data-status=\"init\">\n<fieldset class=\"hidden-fields-container\"><input type=\"hidden\" name=\"_wpcf7\" value=\"1273\" \/><input type=\"hidden\" name=\"_wpcf7_version\" value=\"6.1.2\" \/><input type=\"hidden\" name=\"_wpcf7_locale\" value=\"en_US\" \/><input type=\"hidden\" name=\"_wpcf7_unit_tag\" value=\"wpcf7-f1273-o1\" \/><input type=\"hidden\" name=\"_wpcf7_container_post\" value=\"0\" \/><input type=\"hidden\" name=\"_wpcf7_posted_data_hash\" value=\"\" \/><input type=\"hidden\" name=\"_wpcf7_recaptcha_response\" value=\"\" \/>\n<\/fieldset>\n<div class=\"field\">\n\t<p><label for=\"looking-for\" class=\"hidden\">Qu&rsquo;est-ce que vous recherchez?<\/label><br \/>\n<span class=\"wpcf7-form-control-wrap\" data-name=\"looking-for\"><select class=\"wpcf7-form-control wpcf7-select\" aria-invalid=\"false\" name=\"looking-for\"><option value=\"\">Qu&#039;est-ce que vous recherchez?<\/option><option value=\"Gestion r\u00e9sidentielle\">Gestion r\u00e9sidentielle<\/option><option value=\"Gestion commerciale\">Gestion commerciale<\/option><\/select><\/span>\n\t<\/p>\n<\/div>\n<div class=\"field\">\n\t<p><label for=\"your-name\" class=\"hidden\">Nom, Pr\u00e9nom<\/label><br \/>\n<span class=\"wpcf7-form-control-wrap\" data-name=\"your-name\"><input size=\"40\" maxlength=\"400\" class=\"wpcf7-form-control wpcf7-text\" aria-invalid=\"false\" placeholder=\"Nom, Pr\u00e9nom\" value=\"\" type=\"text\" name=\"your-name\" \/><\/span>\n\t<\/p>\n<\/div>\n<div class=\"field\">\n\t<p><label for=\"your-email\" class=\"hidden\">Adresse courriel<\/label><br \/>\n<span class=\"wpcf7-form-control-wrap\" data-name=\"your-email\"><input size=\"40\" maxlength=\"400\" class=\"wpcf7-form-control wpcf7-text\" aria-invalid=\"false\" placeholder=\"Adresse courriel\" value=\"\" type=\"text\" name=\"your-email\" \/><\/span>\n\t<\/p>\n<\/div>\n<div class=\"field\">\n\t<p><label for=\"your-phone\" class=\"hidden\">Num\u00e9ro de t\u00e9l\u00e9phone<\/label><br \/>\n<span class=\"wpcf7-form-control-wrap\" data-name=\"your-phone\"><input size=\"40\" maxlength=\"400\" class=\"wpcf7-form-control wpcf7-text\" aria-invalid=\"false\" placeholder=\"Num\u00e9ro de t\u00e9l\u00e9phone\" value=\"\" type=\"text\" name=\"your-phone\" \/><\/span>\n\t<\/p>\n<\/div>\n<div class=\"field\">\n\t<p><label for=\"your-message\" class=\"hidden\">Commentaries<\/label><br \/>\n<span class=\"wpcf7-form-control-wrap\" data-name=\"your-message\"><textarea cols=\"40\" rows=\"6\" maxlength=\"2000\" class=\"wpcf7-form-control wpcf7-textarea\" aria-invalid=\"false\" placeholder=\"Commentaries\" name=\"your-message\"><\/textarea><\/span>\n\t<\/p>\n<\/div>\n<p><button type=\"submit\" class=\"btn\">Envoyer<\/button>\n<\/p><div class=\"wpcf7-response-output\" aria-hidden=\"true\"><\/div>\n<\/form>\n<\/div>\n\n        <\/div>\n      <\/div>\n\n\n    <\/div>\n  <\/section>\n\n\n","protected":false},"excerpt":{"rendered":"","protected":false},"author":2,"featured_media":0,"parent":0,"menu_order":0,"comment_status":"closed","ping_status":"closed","template":"","meta":{"_acf_changed":false,"_monsterinsights_skip_tracking":false,"_monsterinsights_sitenote_active":false,"_monsterinsights_sitenote_note":"","_monsterinsights_sitenote_category":0,"footnotes":""},"class_list":["post-2506","page","type-page","status-publish","hentry"],"acf":[],"yoast_head":"<!-- This site is optimized with the Yoast SEO plugin v26.1.1 - https:\/\/yoast.com\/wordpress\/plugins\/seo\/ -->\n<title>\u00c9valuation gratuite - Kasa Management<\/title>\n<meta name=\"robots\" content=\"index, follow, max-snippet:-1, max-image-preview:large, max-video-preview:-1\" \/>\n<link rel=\"canonical\" href=\"https:\/\/groupkasa.com\/fr\/evaluation-gratuite\/\" \/>\n<meta property=\"og:locale\" content=\"fr_FR\" \/>\n<meta property=\"og:type\" content=\"article\" \/>\n<meta property=\"og:title\" content=\"\u00c9valuation gratuite - Kasa Management\" \/>\n<meta property=\"og:url\" content=\"https:\/\/groupkasa.com\/fr\/evaluation-gratuite\/\" \/>\n<meta property=\"og:site_name\" content=\"Kasa Management\" \/>\n<meta property=\"article:publisher\" content=\"https:\/\/www.facebook.com\/kasamtl\" \/>\n<meta property=\"article:modified_time\" content=\"2023-12-19T22:19:39+00:00\" \/>\n<meta property=\"og:image\" content=\"https:\/\/groupkasa.com\/wp-content\/uploads\/2025\/10\/og.jpg\" \/>\n\t<meta property=\"og:image:width\" content=\"1864\" \/>\n\t<meta property=\"og:image:height\" content=\"745\" \/>\n\t<meta property=\"og:image:type\" content=\"image\/jpeg\" \/>\n<meta name=\"twitter:card\" content=\"summary_large_image\" \/>\n<script type=\"application\/ld+json\" class=\"yoast-schema-graph\">{\"@context\":\"https:\/\/schema.org\",\"@graph\":[{\"@type\":\"WebPage\",\"@id\":\"https:\/\/groupkasa.com\/fr\/evaluation-gratuite\/\",\"url\":\"https:\/\/groupkasa.com\/fr\/evaluation-gratuite\/\",\"name\":\"\u00c9valuation gratuite - Kasa Management\",\"isPartOf\":{\"@id\":\"https:\/\/groupkasa.com\/#website\"},\"datePublished\":\"2023-12-19T22:17:39+00:00\",\"dateModified\":\"2023-12-19T22:19:39+00:00\",\"inLanguage\":\"fr-FR\",\"potentialAction\":[{\"@type\":\"ReadAction\",\"target\":[\"https:\/\/groupkasa.com\/fr\/evaluation-gratuite\/\"]}]},{\"@type\":\"WebSite\",\"@id\":\"https:\/\/groupkasa.com\/#website\",\"url\":\"https:\/\/groupkasa.com\/\",\"name\":\"Kasa Management\",\"description\":\"Property Management Company | Montreal | Rent Houses | Airbnb | Booking | Renovation\",\"publisher\":{\"@id\":\"https:\/\/groupkasa.com\/#organization\"},\"potentialAction\":[{\"@type\":\"SearchAction\",\"target\":{\"@type\":\"EntryPoint\",\"urlTemplate\":\"https:\/\/groupkasa.com\/?s={search_term_string}\"},\"query-input\":{\"@type\":\"PropertyValueSpecification\",\"valueRequired\":true,\"valueName\":\"search_term_string\"}}],\"inLanguage\":\"fr-FR\"},{\"@type\":\"Organization\",\"@id\":\"https:\/\/groupkasa.com\/#organization\",\"name\":\"Kasa Management\",\"url\":\"https:\/\/groupkasa.com\/\",\"logo\":{\"@type\":\"ImageObject\",\"inLanguage\":\"fr-FR\",\"@id\":\"https:\/\/groupkasa.com\/#\/schema\/logo\/image\/\",\"url\":\"https:\/\/groupkasa.com\/wp-content\/uploads\/2021\/10\/Group-Kasa-Logo-web.svg\",\"contentUrl\":\"https:\/\/groupkasa.com\/wp-content\/uploads\/2021\/10\/Group-Kasa-Logo-web.svg\",\"width\":1,\"height\":1,\"caption\":\"Kasa Management\"},\"image\":{\"@id\":\"https:\/\/groupkasa.com\/#\/schema\/logo\/image\/\"},\"sameAs\":[\"https:\/\/www.facebook.com\/kasamtl\",\"https:\/\/www.instagram.com\/group.kasa\/\"]}]}<\/script>\n<!-- \/ Yoast SEO plugin. -->","yoast_head_json":{"title":"\u00c9valuation gratuite - Kasa Management","robots":{"index":"index","follow":"follow","max-snippet":"max-snippet:-1","max-image-preview":"max-image-preview:large","max-video-preview":"max-video-preview:-1"},"canonical":"https:\/\/groupkasa.com\/fr\/evaluation-gratuite\/","og_locale":"fr_FR","og_type":"article","og_title":"\u00c9valuation gratuite - Kasa Management","og_url":"https:\/\/groupkasa.com\/fr\/evaluation-gratuite\/","og_site_name":"Kasa Management","article_publisher":"https:\/\/www.facebook.com\/kasamtl","article_modified_time":"2023-12-19T22:19:39+00:00","og_image":[{"width":1864,"height":745,"url":"https:\/\/groupkasa.com\/wp-content\/uploads\/2025\/10\/og.jpg","type":"image\/jpeg"}],"twitter_card":"summary_large_image","schema":{"@context":"https:\/\/schema.org","@graph":[{"@type":"WebPage","@id":"https:\/\/groupkasa.com\/fr\/evaluation-gratuite\/","url":"https:\/\/groupkasa.com\/fr\/evaluation-gratuite\/","name":"\u00c9valuation gratuite - Kasa Management","isPartOf":{"@id":"https:\/\/groupkasa.com\/#website"},"datePublished":"2023-12-19T22:17:39+00:00","dateModified":"2023-12-19T22:19:39+00:00","inLanguage":"fr-FR","potentialAction":[{"@type":"ReadAction","target":["https:\/\/groupkasa.com\/fr\/evaluation-gratuite\/"]}]},{"@type":"WebSite","@id":"https:\/\/groupkasa.com\/#website","url":"https:\/\/groupkasa.com\/","name":"Kasa Management","description":"Property Management Company | Montreal | Rent Houses | Airbnb | Booking | Renovation","publisher":{"@id":"https:\/\/groupkasa.com\/#organization"},"potentialAction":[{"@type":"SearchAction","target":{"@type":"EntryPoint","urlTemplate":"https:\/\/groupkasa.com\/?s={search_term_string}"},"query-input":{"@type":"PropertyValueSpecification","valueRequired":true,"valueName":"search_term_string"}}],"inLanguage":"fr-FR"},{"@type":"Organization","@id":"https:\/\/groupkasa.com\/#organization","name":"Kasa Management","url":"https:\/\/groupkasa.com\/","logo":{"@type":"ImageObject","inLanguage":"fr-FR","@id":"https:\/\/groupkasa.com\/#\/schema\/logo\/image\/","url":"https:\/\/groupkasa.com\/wp-content\/uploads\/2021\/10\/Group-Kasa-Logo-web.svg","contentUrl":"https:\/\/groupkasa.com\/wp-content\/uploads\/2021\/10\/Group-Kasa-Logo-web.svg","width":1,"height":1,"caption":"Kasa Management"},"image":{"@id":"https:\/\/groupkasa.com\/#\/schema\/logo\/image\/"},"sameAs":["https:\/\/www.facebook.com\/kasamtl","https:\/\/www.instagram.com\/group.kasa\/"]}]}},"_links":{"self":[{"href":"https:\/\/groupkasa.com\/fr\/wp-json\/wp\/v2\/pages\/2506","targetHints":{"allow":["GET"]}}],"collection":[{"href":"https:\/\/groupkasa.com\/fr\/wp-json\/wp\/v2\/pages"}],"about":[{"href":"https:\/\/groupkasa.com\/fr\/wp-json\/wp\/v2\/types\/page"}],"author":[{"embeddable":true,"href":"https:\/\/groupkasa.com\/fr\/wp-json\/wp\/v2\/users\/2"}],"replies":[{"embeddable":true,"href":"https:\/\/groupkasa.com\/fr\/wp-json\/wp\/v2\/comments?post=2506"}],"version-history":[{"count":4,"href":"https:\/\/groupkasa.com\/fr\/wp-json\/wp\/v2\/pages\/2506\/revisions"}],"predecessor-version":[{"id":2512,"href":"https:\/\/groupkasa.com\/fr\/wp-json\/wp\/v2\/pages\/2506\/revisions\/2512"}],"wp:attachment":[{"href":"https:\/\/groupkasa.com\/fr\/wp-json\/wp\/v2\/media?parent=2506"}],"curies":[{"name":"wp","href":"https:\/\/api.w.org\/{rel}","templated":true}]}}