{"id":449,"date":"2021-09-03T20:17:58","date_gmt":"2021-09-03T20:17:58","guid":{"rendered":"https:\/\/kasamgt.com\/kasa-construction\/"},"modified":"2023-11-05T00:08:09","modified_gmt":"2023-11-05T00:08:09","slug":"home-renovation","status":"publish","type":"page","link":"https:\/\/groupkasa.com\/es\/home-renovation\/","title":{"rendered":"Home Renovation"},"content":{"rendered":"\n\n    <section class=\"default-hero\">\n        <div class=\"default-hero__bg\">\n                                <video src=\"https:\/\/groupkasa.com\/wp-content\/uploads\/2023\/11\/HomeRenovation-Header.webm\" playsinline loop autoplay muted preload=\"none\"><\/video>\n                    <\/div>\n        <!-- <div class=\"default-hero__content flex-layout align-items-center justify-center\">\n            <div class=\"container\">\n                <div class=\"default-hero__title-large\">\n                    kasa<strong>construction<\/strong>                <\/div>\n                <div class=\"default-hero__title-small\">\n                    Where your house becomes your home.                <\/div>\n            <\/div>\n        <\/div> -->\n    <\/section>\n\n\n\n\n\n  <section class=\"icon-intro\">\n    <div class=\"container\">\n      <div class=\"icon-intro__title\">\n        <img decoding=\"async\" class=\"\" src=\"https:\/\/groupkasa.com\/wp-content\/uploads\/2021\/09\/Icon.png\" alt=\"\"  >        <h1>Renovaci\u00f3n <span>del hogar<\/span><\/h1>\n      <\/div>\n      <div class=\"icon-intro__text\">\n        <p>Entendemos que las renovaciones de interiores pueden ser una tarea desalentadora. Es por eso que tenemos especial cuidado para asegurarnos de que su proyecto de renovaci\u00f3n se complete a tiempo y dentro del presupuesto. Podemos proporcionar una gama completa de servicios (que incluye todo, desde remodelaciones menores hasta renovaciones importantes. Nuestro equipo est\u00e1 dedicado a brindar mano de obra de calidad y siempre nos esforzamos por superar sus expectativas).<\/p>\n      <\/div>\n\n    <\/div>\n  <\/section>\n\n\n\n\n\n\n  <section class=\"text-image-slider\">\n    <div class=\"container\">\n      <div class=\"text-image-slider__carousel\">\n                    <div class=\"slide\">\n              <div class=\"text-image-slide flex-layout\">\n                <figure class=\"text-image-slide__image\">\n                  <img class=\"\" data-src=\"https:\/\/groupkasa.com\/wp-content\/uploads\/2023\/11\/Group-Kasa-Bathroom-img-01.webp\" alt=\"Luxury Bathroom with shower and windows\"  >                <\/figure>\n                <div class=\"text-image-slide__text\">\n                  <h3><span>Renovacion<\/span> de ba\u00f1os<\/h3>\n                  <p>Las renovaciones de ba\u00f1os pueden ser una excelente manera de agregar valor y lujo a su hogar sin arruinarse. Ya sea que est\u00e9 buscando una renovaci\u00f3n completa de su ba\u00f1o o simplemente algunos cambios menores para hacerlo m\u00e1s moderno, hay muchas opciones para elegir. En kasa ofrecemos reformas de ba\u00f1o completas, desde el dise\u00f1o hasta la instalaci\u00f3n.<\/p>\n                <\/div>\n              <\/div>\n            <\/div>\n                    <div class=\"slide\">\n              <div class=\"text-image-slide flex-layout\">\n                <figure class=\"text-image-slide__image\">\n                  <img class=\"\" data-src=\"https:\/\/groupkasa.com\/wp-content\/uploads\/2023\/11\/Group-Kasa-Kitchen-img-02.webp\" alt=\"Kitchen with wood and blue details\"  >                <\/figure>\n                <div class=\"text-image-slide__text\">\n                  <h3><span>Renovacion<\/span> de cocinas<\/h3>\n                  <p>Renovar su cocina es una tarea emocionante, pero tambi\u00e9n puede convertirse en una tarea abrumadora. Desde seleccionar el estilo y los materiales correctos hasta elegir los accesorios correctos, puede haber muchas decisiones que deben tomarse. Para facilitar el proceso, comun\u00edquese con uno de nuestros representantes para que podamos ayudarlo a realizar su pr\u00f3ximo proyecto.<\/p>\n                <\/div>\n              <\/div>\n            <\/div>\n              <\/div>\n\n      <div class=\"text-image-slider__extra text-center\">\n        <p>H\u00c1GANOS SABER SOBRE SU PR\u00d3XIMO PROYECTO <br> PARA QUE NUESTRO EQUIPO DE EXPERTOS ARTESANOS PUEDAN HACER REALIDAD SU VISI\u00d3N.<\/p>\n                  <a class=\"btn open-contact\" target=\"_self\" href=\"#\">Cont\u00e1ctenos<\/a>\n              <\/div>\n    <\/div>\n  <\/section>\n\n\n\n\n\n\n  <section class=\"before-after dark\">\n    <div class=\"container\">\n      <h2 class=\"text-center\">Renovaci\u00f3n de ba\u00f1o y cocina <br><br><span style=\"color: #ff0000\"><strong>\u2013\u2013\u2013<\/strong><\/span><\/h2>\n      <div class=\"before-ad=fter__items\">\n                    <div class=\"before-after__item\">\n              \n\t\t\t\n\t<style type=\"text\/css\">\n\t\t.slider-info-1480.bafg-slider-info .bafg-slider-title {\n\t\t\t\t\t\t\tfont-size:\n\t\t\t\t\t22px\t\t\t\t;\n\t\t\t\n\t\t\t\n\t\t\t\t\t}\n\n\t\t.slider-info-1480.bafg-slider-info .bafg-slider-description {\n\t\t\t\n\t\t\t\n\t\t\t\t\t}\n\t\t\n\t\t\n\t\t.slider-info-1480.bafg-slider-info .bafg_slider_readmore_button {\n\t\t\t\n\t\t\t\n\t\t\t\n\t\t\t\n\t\t\t\n\t\t\ttext-align: center;\n\n\t\t\t\n\t\t\t\n\t\t\t\n\t\t\t\n\t\t\t\t\t}\n\n\t\t.slider-info-1480.bafg-slider-info .bafg_slider_readmore_button:hover {\n\n\t\t\t\n\t\t\t\n\t\t\t\t\t}\n\t<\/style>\n\t\n\t\t\t<div class=\"bafg-twentytwenty-container slider-1480  \"\n\t\t\t\tbafg-orientation=\"horizontal\" bafg-default-offset=\"0.5\"\n\t\t\t\tbafg-before-label=\"Before\"\n\t\t\t\tbafg-after-label=\"After\" bafg-overlay=\"1\"\n\t\t\t\tbafg-move-slider-on-hover=\"\"\n\t\t\t\tbafg-click-to-move=\"\">\n\n\t\t\t\t\t\t\t\t<img class=\"skip-lazy\" data-skip-lazy\t\t\t\t\tsrc=\"http:\/\/groupkasa.com\/wp-content\/uploads\/2023\/03\/Group-Kasa-Slider-img-01.jpeg\" alt=\"Bathroom ready to be renovated\">\n\t\t\t\t<img class=\"skip-lazy\" data-skip-lazy\t\t\t\t\tsrc=\"http:\/\/groupkasa.com\/wp-content\/uploads\/2023\/03\/Group-Kasa-Slider-img-02.jpeg\" alt=\"Renovated Bathroom\">\n\n\t\t\t<\/div>\n\n\t\t\t\t<div class=\"bafg-slider-info-wraper\">\n\t\t<div style=\"\" class=\"slider-info-1480 bafg-slider-info\">\n\t\t\t\t\t<\/div>\n\t<\/div>\n\t\n\t\t\t<style type=\"text\/css\">\n\t\t\t\t\t\t\t\t\t\t\t<\/style>\n\t\t\t            <\/div>\n\n                    <div class=\"before-after__item\">\n              \n\t\t\t\n\t<style type=\"text\/css\">\n\t\t.slider-info-1603.bafg-slider-info .bafg-slider-title {\n\t\t\t\t\t\t\tfont-size:\n\t\t\t\t\t22px\t\t\t\t;\n\t\t\t\n\t\t\t\n\t\t\t\t\t}\n\n\t\t.slider-info-1603.bafg-slider-info .bafg-slider-description {\n\t\t\t\n\t\t\t\n\t\t\t\t\t}\n\t\t\n\t\t\n\t\t.slider-info-1603.bafg-slider-info .bafg_slider_readmore_button {\n\t\t\t\n\t\t\t\n\t\t\t\n\t\t\t\n\t\t\t\n\t\t\ttext-align: center;\n\n\t\t\t\n\t\t\t\n\t\t\t\n\t\t\t\n\t\t\t\t\t}\n\n\t\t.slider-info-1603.bafg-slider-info .bafg_slider_readmore_button:hover {\n\n\t\t\t\n\t\t\t\n\t\t\t\t\t}\n\t<\/style>\n\t\n\t\t\t<div class=\"bafg-twentytwenty-container slider-1603  \"\n\t\t\t\tbafg-orientation=\"horizontal\" bafg-default-offset=\"0.5\"\n\t\t\t\tbafg-before-label=\"Before\"\n\t\t\t\tbafg-after-label=\"After\" bafg-overlay=\"1\"\n\t\t\t\tbafg-move-slider-on-hover=\"\"\n\t\t\t\tbafg-click-to-move=\"\">\n\n\t\t\t\t\t\t\t\t<img class=\"skip-lazy\" data-skip-lazy\t\t\t\t\tsrc=\"http:\/\/groupkasa.com\/wp-content\/uploads\/2023\/03\/Group-Kasa-Slider-img-03.jpeg\" alt=\"Old kitchen\">\n\t\t\t\t<img class=\"skip-lazy\" data-skip-lazy\t\t\t\t\tsrc=\"http:\/\/groupkasa.com\/wp-content\/uploads\/2023\/03\/Group-Kasa-Slider-img-04.jpeg\" alt=\"Renovated Kitchen\">\n\n\t\t\t<\/div>\n\n\t\t\t\t<div class=\"bafg-slider-info-wraper\">\n\t\t<div style=\"\" class=\"slider-info-1603 bafg-slider-info\">\n\t\t\t\t\t<\/div>\n\t<\/div>\n\t\n\t\t\t<style type=\"text\/css\">\n\t\t\t\t\t\t\t\t\t\t\t<\/style>\n\t\t\t            <\/div>\n\n              <\/div>\n    <\/div>\n  <\/section>\n\n\n\n\n\n            <section class=\"gallery-slider__title style_1\">\n            <h2>Explora <span>&nbsp;&nbsp;&nbsp;&nbsp;&nbsp;&nbsp; nuestros proyectos<\/span><\/h2>\n        <\/section>\n    \n\t<section class=\"gallery-slider\">\n                    <div class=\"gallery-slider__item slide\">\n                <img decoding=\"async\" class=\"\" src=\"https:\/\/groupkasa.com\/wp-content\/uploads\/2023\/11\/Group-Kasa-Slider-img-Big-08.webp\" alt=\"Living room with elegant lights\"  >                <div class=\"gallery-slider__caption\"><\/div>\n            <\/div>\n                    <div class=\"gallery-slider__item slide\">\n                <img decoding=\"async\" class=\"\" src=\"https:\/\/groupkasa.com\/wp-content\/uploads\/2023\/11\/Group-Kasa-Slider-img-Big-07.webp\" alt=\"Red billar table\"  >                <div class=\"gallery-slider__caption\"><\/div>\n            <\/div>\n                    <div class=\"gallery-slider__item slide\">\n                <img decoding=\"async\" class=\"\" src=\"https:\/\/groupkasa.com\/wp-content\/uploads\/2023\/11\/Group-Kasa-Slider-img-Big-06.webp\" alt=\"Living room with grey sofas\"  >                <div class=\"gallery-slider__caption\"><\/div>\n            <\/div>\n                    <div class=\"gallery-slider__item slide\">\n                <img decoding=\"async\" class=\"\" src=\"https:\/\/groupkasa.com\/wp-content\/uploads\/2023\/11\/Group-Kasa-Slider-img-Big-05.webp\" alt=\"TV room with white table in the center of the room\"  >                <div class=\"gallery-slider__caption\"><\/div>\n            <\/div>\n                    <div class=\"gallery-slider__item slide\">\n                <img decoding=\"async\" class=\"\" src=\"https:\/\/groupkasa.com\/wp-content\/uploads\/2023\/11\/Group-Kasa-Slider-img-Big-04.webp\" alt=\"Living and Dining room with soft lights\"  >                <div class=\"gallery-slider__caption\"><\/div>\n            <\/div>\n                    <div class=\"gallery-slider__item slide\">\n                <img decoding=\"async\" class=\"\" src=\"https:\/\/groupkasa.com\/wp-content\/uploads\/2023\/11\/Group-Kasa-Slider-img-Big-03.webp\" alt=\"Dining room with table and blue chairs\"  >                <div class=\"gallery-slider__caption\"><\/div>\n            <\/div>\n                    <div class=\"gallery-slider__item slide\">\n                <img decoding=\"async\" class=\"\" src=\"https:\/\/groupkasa.com\/wp-content\/uploads\/2023\/11\/Group-Kasa-Slider-img-Big-02.webp\" alt=\"Sophisticated living room with a natural light\"  >                <div class=\"gallery-slider__caption\"><\/div>\n            <\/div>\n                    <div class=\"gallery-slider__item slide\">\n                <img decoding=\"async\" class=\"\" src=\"https:\/\/groupkasa.com\/wp-content\/uploads\/2023\/11\/Group-Kasa-Slider-img-Big-01.webp\" alt=\"Bathroom with plants and white elements\"  >                <div class=\"gallery-slider__caption\"><\/div>\n            <\/div>\n            <\/section>   \n\n\n","protected":false},"excerpt":{"rendered":"","protected":false},"author":5,"featured_media":0,"parent":0,"menu_order":0,"comment_status":"closed","ping_status":"closed","template":"","meta":{"_acf_changed":false,"_monsterinsights_skip_tracking":false,"_monsterinsights_sitenote_active":false,"_monsterinsights_sitenote_note":"","_monsterinsights_sitenote_category":0,"footnotes":""},"class_list":["post-449","page","type-page","status-publish","hentry"],"acf":[],"yoast_head":"<!-- This site is optimized with the Yoast SEO plugin v26.1.1 - https:\/\/yoast.com\/wordpress\/plugins\/seo\/ -->\n<title>Home Renovation - Kasa Management<\/title>\n<meta name=\"robots\" content=\"index, follow, max-snippet:-1, max-image-preview:large, max-video-preview:-1\" \/>\n<link rel=\"canonical\" href=\"https:\/\/groupkasa.com\/es\/home-renovation\/\" \/>\n<meta property=\"og:locale\" content=\"es_ES\" \/>\n<meta property=\"og:type\" content=\"article\" \/>\n<meta property=\"og:title\" content=\"Home Renovation - Kasa Management\" \/>\n<meta property=\"og:url\" content=\"https:\/\/groupkasa.com\/es\/home-renovation\/\" \/>\n<meta property=\"og:site_name\" content=\"Kasa Management\" \/>\n<meta property=\"article:publisher\" content=\"https:\/\/www.facebook.com\/kasamtl\" \/>\n<meta property=\"article:modified_time\" content=\"2023-11-05T00:08:09+00:00\" \/>\n<meta property=\"og:image\" content=\"https:\/\/groupkasa.com\/wp-content\/uploads\/2025\/10\/og.jpg\" \/>\n\t<meta property=\"og:image:width\" content=\"1864\" \/>\n\t<meta property=\"og:image:height\" content=\"745\" \/>\n\t<meta property=\"og:image:type\" content=\"image\/jpeg\" \/>\n<meta name=\"twitter:card\" content=\"summary_large_image\" \/>\n<script type=\"application\/ld+json\" class=\"yoast-schema-graph\">{\"@context\":\"https:\/\/schema.org\",\"@graph\":[{\"@type\":\"WebPage\",\"@id\":\"https:\/\/groupkasa.com\/es\/home-renovation\/\",\"url\":\"https:\/\/groupkasa.com\/es\/home-renovation\/\",\"name\":\"Home Renovation - Kasa Management\",\"isPartOf\":{\"@id\":\"https:\/\/groupkasa.com\/#website\"},\"datePublished\":\"2021-09-03T20:17:58+00:00\",\"dateModified\":\"2023-11-05T00:08:09+00:00\",\"inLanguage\":\"es\",\"potentialAction\":[{\"@type\":\"ReadAction\",\"target\":[\"https:\/\/groupkasa.com\/es\/home-renovation\/\"]}]},{\"@type\":\"WebSite\",\"@id\":\"https:\/\/groupkasa.com\/#website\",\"url\":\"https:\/\/groupkasa.com\/\",\"name\":\"Kasa Management\",\"description\":\"Property Management Company | Montreal | Rent Houses | Airbnb | Booking | Renovation\",\"publisher\":{\"@id\":\"https:\/\/groupkasa.com\/#organization\"},\"potentialAction\":[{\"@type\":\"SearchAction\",\"target\":{\"@type\":\"EntryPoint\",\"urlTemplate\":\"https:\/\/groupkasa.com\/?s={search_term_string}\"},\"query-input\":{\"@type\":\"PropertyValueSpecification\",\"valueRequired\":true,\"valueName\":\"search_term_string\"}}],\"inLanguage\":\"es\"},{\"@type\":\"Organization\",\"@id\":\"https:\/\/groupkasa.com\/#organization\",\"name\":\"Kasa Management\",\"url\":\"https:\/\/groupkasa.com\/\",\"logo\":{\"@type\":\"ImageObject\",\"inLanguage\":\"es\",\"@id\":\"https:\/\/groupkasa.com\/#\/schema\/logo\/image\/\",\"url\":\"https:\/\/groupkasa.com\/wp-content\/uploads\/2021\/10\/Group-Kasa-Logo-web.svg\",\"contentUrl\":\"https:\/\/groupkasa.com\/wp-content\/uploads\/2021\/10\/Group-Kasa-Logo-web.svg\",\"width\":1,\"height\":1,\"caption\":\"Kasa Management\"},\"image\":{\"@id\":\"https:\/\/groupkasa.com\/#\/schema\/logo\/image\/\"},\"sameAs\":[\"https:\/\/www.facebook.com\/kasamtl\",\"https:\/\/www.instagram.com\/group.kasa\/\"]}]}<\/script>\n<!-- \/ Yoast SEO plugin. -->","yoast_head_json":{"title":"Home Renovation - Kasa Management","robots":{"index":"index","follow":"follow","max-snippet":"max-snippet:-1","max-image-preview":"max-image-preview:large","max-video-preview":"max-video-preview:-1"},"canonical":"https:\/\/groupkasa.com\/es\/home-renovation\/","og_locale":"es_ES","og_type":"article","og_title":"Home Renovation - Kasa Management","og_url":"https:\/\/groupkasa.com\/es\/home-renovation\/","og_site_name":"Kasa Management","article_publisher":"https:\/\/www.facebook.com\/kasamtl","article_modified_time":"2023-11-05T00:08:09+00:00","og_image":[{"width":1864,"height":745,"url":"https:\/\/groupkasa.com\/wp-content\/uploads\/2025\/10\/og.jpg","type":"image\/jpeg"}],"twitter_card":"summary_large_image","schema":{"@context":"https:\/\/schema.org","@graph":[{"@type":"WebPage","@id":"https:\/\/groupkasa.com\/es\/home-renovation\/","url":"https:\/\/groupkasa.com\/es\/home-renovation\/","name":"Home Renovation - Kasa Management","isPartOf":{"@id":"https:\/\/groupkasa.com\/#website"},"datePublished":"2021-09-03T20:17:58+00:00","dateModified":"2023-11-05T00:08:09+00:00","inLanguage":"es","potentialAction":[{"@type":"ReadAction","target":["https:\/\/groupkasa.com\/es\/home-renovation\/"]}]},{"@type":"WebSite","@id":"https:\/\/groupkasa.com\/#website","url":"https:\/\/groupkasa.com\/","name":"Kasa Management","description":"Property Management Company | Montreal | Rent Houses | Airbnb | Booking | Renovation","publisher":{"@id":"https:\/\/groupkasa.com\/#organization"},"potentialAction":[{"@type":"SearchAction","target":{"@type":"EntryPoint","urlTemplate":"https:\/\/groupkasa.com\/?s={search_term_string}"},"query-input":{"@type":"PropertyValueSpecification","valueRequired":true,"valueName":"search_term_string"}}],"inLanguage":"es"},{"@type":"Organization","@id":"https:\/\/groupkasa.com\/#organization","name":"Kasa Management","url":"https:\/\/groupkasa.com\/","logo":{"@type":"ImageObject","inLanguage":"es","@id":"https:\/\/groupkasa.com\/#\/schema\/logo\/image\/","url":"https:\/\/groupkasa.com\/wp-content\/uploads\/2021\/10\/Group-Kasa-Logo-web.svg","contentUrl":"https:\/\/groupkasa.com\/wp-content\/uploads\/2021\/10\/Group-Kasa-Logo-web.svg","width":1,"height":1,"caption":"Kasa Management"},"image":{"@id":"https:\/\/groupkasa.com\/#\/schema\/logo\/image\/"},"sameAs":["https:\/\/www.facebook.com\/kasamtl","https:\/\/www.instagram.com\/group.kasa\/"]}]}},"_links":{"self":[{"href":"https:\/\/groupkasa.com\/es\/wp-json\/wp\/v2\/pages\/449","targetHints":{"allow":["GET"]}}],"collection":[{"href":"https:\/\/groupkasa.com\/es\/wp-json\/wp\/v2\/pages"}],"about":[{"href":"https:\/\/groupkasa.com\/es\/wp-json\/wp\/v2\/types\/page"}],"author":[{"embeddable":true,"href":"https:\/\/groupkasa.com\/es\/wp-json\/wp\/v2\/users\/5"}],"replies":[{"embeddable":true,"href":"https:\/\/groupkasa.com\/es\/wp-json\/wp\/v2\/comments?post=449"}],"version-history":[{"count":39,"href":"https:\/\/groupkasa.com\/es\/wp-json\/wp\/v2\/pages\/449\/revisions"}],"predecessor-version":[{"id":2250,"href":"https:\/\/groupkasa.com\/es\/wp-json\/wp\/v2\/pages\/449\/revisions\/2250"}],"wp:attachment":[{"href":"https:\/\/groupkasa.com\/es\/wp-json\/wp\/v2\/media?parent=449"}],"curies":[{"name":"wp","href":"https:\/\/api.w.org\/{rel}","templated":true}]}}