{"id":447,"date":"2021-09-03T20:18:14","date_gmt":"2021-09-03T20:18:14","guid":{"rendered":"https:\/\/kasamgt.com\/kasa-mangement\/"},"modified":"2023-12-21T19:33:39","modified_gmt":"2023-12-21T19:33:39","slug":"commercial-construction","status":"publish","type":"page","link":"https:\/\/groupkasa.com\/es\/commercial-construction\/","title":{"rendered":"Commercial Construction"},"content":{"rendered":"\n\n    <section class=\"default-hero\">\n        <div class=\"default-hero__bg\">\n                                <video src=\"https:\/\/groupkasa.com\/wp-content\/uploads\/2023\/11\/CommercialConstruction-Header-web.webm\" playsinline loop autoplay muted preload=\"none\"><\/video>\n                    <\/div>\n        <!-- <div class=\"default-hero__content flex-layout align-items-center justify-center\">\n            <div class=\"container\">\n                <div class=\"default-hero__title-large\">\n                    kasa<strong>management<\/strong>                <\/div>\n                <div class=\"default-hero__title-small\">\n                    Your peace of mind is our priority.                <\/div>\n            <\/div>\n        <\/div> -->\n    <\/section>\n\n\n\n\n\n  <section class=\"icon-intro\">\n    <div class=\"container\">\n      <div class=\"icon-intro__title\">\n        <img decoding=\"async\" class=\"\" src=\"https:\/\/groupkasa.com\/wp-content\/uploads\/2021\/09\/Icon.png\" alt=\"\"  >        <h1>Construcci\u00f3n <span>Comercial<\/span><\/h1>\n      <\/div>\n      <div class=\"icon-intro__text\">\n        <p>Nuestro servicio llave en mano para la construcci\u00f3n comercial y residencial brinda una soluci\u00f3n integral a cualquiera de las necesidades de su proyecto. Estamos comprometidos en la gesti\u00f3n de todos los aspectos del proceso de construcci\u00f3n de manera profesional, eficiente y con la artesan\u00eda de la m\u00e1s alta calidad. Ya sea que se trate de un edificio nuevo, renovaciones comerciales, una adici\u00f3n o un restaurante, estamos listos para ayudarlo con cualquiera de sus proyectos de construcci\u00f3n.<\/p>\n      <\/div>\n\n    <\/div>\n  <\/section>\n\n\n\n\n\n\n  <section class=\"projects\">\n    <div class=\"container\">\n      <h2>Nuestros proyectos<\/h2>\n      <div class=\"flex-layout wrap projects__grid\">\n                    <div class=\"projects__col\">\n              <a class=\"project fancybox\" href=\"https:\/\/groupkasa.com\/wp-content\/uploads\/2023\/11\/Group-kasa-gallery-img-01.webp\" rel=\"project-gallery-0\">\n                <div class=\"project__image\">\n                  <img class=\"img-fit\" data-src=\"https:\/\/groupkasa.com\/wp-content\/uploads\/2023\/11\/Group-kasa-gallery-img-01-400x400.webp\" alt=\"House renovation facade \"  >                <\/div>\n                <div class=\"project__title\">\n                  <h3>3722  Ave Laval<\/h3>\n                <\/div>\n              <\/a>\n                              <a title=\"\" class=\"fancybox\" href=\"https:\/\/groupkasa.com\/wp-content\/uploads\/2023\/11\/Group-kasa-gallery-img-02.webp\" rel=\"project-gallery-0\">\n                <\/a>\n                              <a title=\"\" class=\"fancybox\" href=\"https:\/\/groupkasa.com\/wp-content\/uploads\/2023\/11\/Group-kasa-gallery-img-03.webp\" rel=\"project-gallery-0\">\n                <\/a>\n                              <a title=\"\" class=\"fancybox\" href=\"https:\/\/groupkasa.com\/wp-content\/uploads\/2023\/11\/Group-kasa-gallery-img-04.webp\" rel=\"project-gallery-0\">\n                <\/a>\n                          <\/div>\n                    <div class=\"projects__col\">\n              <a class=\"project fancybox\" href=\"https:\/\/groupkasa.com\/wp-content\/uploads\/2023\/11\/Group-kasa-gallery-img-05.webp\" rel=\"project-gallery-1\">\n                <div class=\"project__image\">\n                  <img class=\"img-fit\" data-src=\"https:\/\/groupkasa.com\/wp-content\/uploads\/2023\/11\/Group-kasa-gallery-img-05-400x400.webp\" alt=\"Bar renovation with soft lights\"  >                <\/div>\n                <div class=\"project__title\">\n                  <h3>430 Saint Francois Xavier<\/h3>\n                <\/div>\n              <\/a>\n                              <a title=\"\" class=\"fancybox\" href=\"https:\/\/groupkasa.com\/wp-content\/uploads\/2023\/11\/Group-kasa-gallery-img-06.webp\" rel=\"project-gallery-1\">\n                <\/a>\n                              <a title=\"\" class=\"fancybox\" href=\"https:\/\/groupkasa.com\/wp-content\/uploads\/2023\/11\/Group-kasa-gallery-img-07.webp\" rel=\"project-gallery-1\">\n                <\/a>\n                              <a title=\"\" class=\"fancybox\" href=\"https:\/\/groupkasa.com\/wp-content\/uploads\/2023\/11\/Group-kasa-gallery-img-08.webp\" rel=\"project-gallery-1\">\n                <\/a>\n                          <\/div>\n                    <div class=\"projects__col\">\n              <a class=\"project fancybox\" href=\"https:\/\/groupkasa.com\/wp-content\/uploads\/2023\/12\/mas_por_venir.jpg\" rel=\"project-gallery-2\">\n                <div class=\"project__image\">\n                  <img class=\"img-fit\" data-src=\"https:\/\/groupkasa.com\/wp-content\/uploads\/2023\/12\/mas_por_venir-400x400.jpg\" alt=\"\"  >                <\/div>\n                <div class=\"project__title\">\n                  <h3><\/h3>\n                <\/div>\n              <\/a>\n                          <\/div>\n              <\/div>\n    <\/div>\n  <\/section>\n\n\n","protected":false},"excerpt":{"rendered":"","protected":false},"author":5,"featured_media":0,"parent":0,"menu_order":0,"comment_status":"closed","ping_status":"closed","template":"","meta":{"_acf_changed":false,"_monsterinsights_skip_tracking":false,"_monsterinsights_sitenote_active":false,"_monsterinsights_sitenote_note":"","_monsterinsights_sitenote_category":0,"footnotes":""},"class_list":["post-447","page","type-page","status-publish","hentry"],"acf":[],"yoast_head":"<!-- This site is optimized with the Yoast SEO plugin v26.1.1 - https:\/\/yoast.com\/wordpress\/plugins\/seo\/ -->\n<title>Commercial Construction - Kasa Management<\/title>\n<meta name=\"robots\" content=\"index, follow, max-snippet:-1, max-image-preview:large, max-video-preview:-1\" \/>\n<link rel=\"canonical\" href=\"https:\/\/groupkasa.com\/es\/commercial-construction\/\" \/>\n<meta property=\"og:locale\" content=\"es_ES\" \/>\n<meta property=\"og:type\" content=\"article\" \/>\n<meta property=\"og:title\" content=\"Commercial Construction - Kasa Management\" \/>\n<meta property=\"og:url\" content=\"https:\/\/groupkasa.com\/es\/commercial-construction\/\" \/>\n<meta property=\"og:site_name\" content=\"Kasa Management\" \/>\n<meta property=\"article:publisher\" content=\"https:\/\/www.facebook.com\/kasamtl\" \/>\n<meta property=\"article:modified_time\" content=\"2023-12-21T19:33:39+00:00\" \/>\n<meta property=\"og:image\" content=\"https:\/\/groupkasa.com\/wp-content\/uploads\/2025\/10\/og.jpg\" \/>\n\t<meta property=\"og:image:width\" content=\"1864\" \/>\n\t<meta property=\"og:image:height\" content=\"745\" \/>\n\t<meta property=\"og:image:type\" content=\"image\/jpeg\" \/>\n<meta name=\"twitter:card\" content=\"summary_large_image\" \/>\n<script type=\"application\/ld+json\" class=\"yoast-schema-graph\">{\"@context\":\"https:\/\/schema.org\",\"@graph\":[{\"@type\":\"WebPage\",\"@id\":\"https:\/\/groupkasa.com\/es\/commercial-construction\/\",\"url\":\"https:\/\/groupkasa.com\/es\/commercial-construction\/\",\"name\":\"Commercial Construction - Kasa Management\",\"isPartOf\":{\"@id\":\"https:\/\/groupkasa.com\/#website\"},\"datePublished\":\"2021-09-03T20:18:14+00:00\",\"dateModified\":\"2023-12-21T19:33:39+00:00\",\"inLanguage\":\"es\",\"potentialAction\":[{\"@type\":\"ReadAction\",\"target\":[\"https:\/\/groupkasa.com\/es\/commercial-construction\/\"]}]},{\"@type\":\"WebSite\",\"@id\":\"https:\/\/groupkasa.com\/#website\",\"url\":\"https:\/\/groupkasa.com\/\",\"name\":\"Kasa Management\",\"description\":\"Property Management Company | Montreal | Rent Houses | Airbnb | Booking | Renovation\",\"publisher\":{\"@id\":\"https:\/\/groupkasa.com\/#organization\"},\"potentialAction\":[{\"@type\":\"SearchAction\",\"target\":{\"@type\":\"EntryPoint\",\"urlTemplate\":\"https:\/\/groupkasa.com\/?s={search_term_string}\"},\"query-input\":{\"@type\":\"PropertyValueSpecification\",\"valueRequired\":true,\"valueName\":\"search_term_string\"}}],\"inLanguage\":\"es\"},{\"@type\":\"Organization\",\"@id\":\"https:\/\/groupkasa.com\/#organization\",\"name\":\"Kasa Management\",\"url\":\"https:\/\/groupkasa.com\/\",\"logo\":{\"@type\":\"ImageObject\",\"inLanguage\":\"es\",\"@id\":\"https:\/\/groupkasa.com\/#\/schema\/logo\/image\/\",\"url\":\"https:\/\/groupkasa.com\/wp-content\/uploads\/2021\/10\/Group-Kasa-Logo-web.svg\",\"contentUrl\":\"https:\/\/groupkasa.com\/wp-content\/uploads\/2021\/10\/Group-Kasa-Logo-web.svg\",\"width\":1,\"height\":1,\"caption\":\"Kasa Management\"},\"image\":{\"@id\":\"https:\/\/groupkasa.com\/#\/schema\/logo\/image\/\"},\"sameAs\":[\"https:\/\/www.facebook.com\/kasamtl\",\"https:\/\/www.instagram.com\/group.kasa\/\"]}]}<\/script>\n<!-- \/ Yoast SEO plugin. -->","yoast_head_json":{"title":"Commercial Construction - Kasa Management","robots":{"index":"index","follow":"follow","max-snippet":"max-snippet:-1","max-image-preview":"max-image-preview:large","max-video-preview":"max-video-preview:-1"},"canonical":"https:\/\/groupkasa.com\/es\/commercial-construction\/","og_locale":"es_ES","og_type":"article","og_title":"Commercial Construction - Kasa Management","og_url":"https:\/\/groupkasa.com\/es\/commercial-construction\/","og_site_name":"Kasa Management","article_publisher":"https:\/\/www.facebook.com\/kasamtl","article_modified_time":"2023-12-21T19:33:39+00:00","og_image":[{"width":1864,"height":745,"url":"https:\/\/groupkasa.com\/wp-content\/uploads\/2025\/10\/og.jpg","type":"image\/jpeg"}],"twitter_card":"summary_large_image","schema":{"@context":"https:\/\/schema.org","@graph":[{"@type":"WebPage","@id":"https:\/\/groupkasa.com\/es\/commercial-construction\/","url":"https:\/\/groupkasa.com\/es\/commercial-construction\/","name":"Commercial Construction - Kasa Management","isPartOf":{"@id":"https:\/\/groupkasa.com\/#website"},"datePublished":"2021-09-03T20:18:14+00:00","dateModified":"2023-12-21T19:33:39+00:00","inLanguage":"es","potentialAction":[{"@type":"ReadAction","target":["https:\/\/groupkasa.com\/es\/commercial-construction\/"]}]},{"@type":"WebSite","@id":"https:\/\/groupkasa.com\/#website","url":"https:\/\/groupkasa.com\/","name":"Kasa Management","description":"Property Management Company | Montreal | Rent Houses | Airbnb | Booking | Renovation","publisher":{"@id":"https:\/\/groupkasa.com\/#organization"},"potentialAction":[{"@type":"SearchAction","target":{"@type":"EntryPoint","urlTemplate":"https:\/\/groupkasa.com\/?s={search_term_string}"},"query-input":{"@type":"PropertyValueSpecification","valueRequired":true,"valueName":"search_term_string"}}],"inLanguage":"es"},{"@type":"Organization","@id":"https:\/\/groupkasa.com\/#organization","name":"Kasa Management","url":"https:\/\/groupkasa.com\/","logo":{"@type":"ImageObject","inLanguage":"es","@id":"https:\/\/groupkasa.com\/#\/schema\/logo\/image\/","url":"https:\/\/groupkasa.com\/wp-content\/uploads\/2021\/10\/Group-Kasa-Logo-web.svg","contentUrl":"https:\/\/groupkasa.com\/wp-content\/uploads\/2021\/10\/Group-Kasa-Logo-web.svg","width":1,"height":1,"caption":"Kasa Management"},"image":{"@id":"https:\/\/groupkasa.com\/#\/schema\/logo\/image\/"},"sameAs":["https:\/\/www.facebook.com\/kasamtl","https:\/\/www.instagram.com\/group.kasa\/"]}]}},"_links":{"self":[{"href":"https:\/\/groupkasa.com\/es\/wp-json\/wp\/v2\/pages\/447","targetHints":{"allow":["GET"]}}],"collection":[{"href":"https:\/\/groupkasa.com\/es\/wp-json\/wp\/v2\/pages"}],"about":[{"href":"https:\/\/groupkasa.com\/es\/wp-json\/wp\/v2\/types\/page"}],"author":[{"embeddable":true,"href":"https:\/\/groupkasa.com\/es\/wp-json\/wp\/v2\/users\/5"}],"replies":[{"embeddable":true,"href":"https:\/\/groupkasa.com\/es\/wp-json\/wp\/v2\/comments?post=447"}],"version-history":[{"count":31,"href":"https:\/\/groupkasa.com\/es\/wp-json\/wp\/v2\/pages\/447\/revisions"}],"predecessor-version":[{"id":2537,"href":"https:\/\/groupkasa.com\/es\/wp-json\/wp\/v2\/pages\/447\/revisions\/2537"}],"wp:attachment":[{"href":"https:\/\/groupkasa.com\/es\/wp-json\/wp\/v2\/media?parent=447"}],"curies":[{"name":"wp","href":"https:\/\/api.w.org\/{rel}","templated":true}]}}