{"id":436,"date":"2021-09-03T15:58:15","date_gmt":"2021-09-03T15:58:15","guid":{"rendered":"https:\/\/kasamgt.com\/home\/"},"modified":"2024-02-29T22:32:48","modified_gmt":"2024-02-29T22:32:48","slug":"home","status":"publish","type":"page","link":"https:\/\/groupkasa.com\/es\/","title":{"rendered":"Home"},"content":{"rendered":"\n\n\t<section class=\"main-hero\">\n        <div class=\"main-hero__bg\">\n                            <video src=\"https:\/\/groupkasa.com\/wp-content\/uploads\/2023\/11\/Group-Kasa-hero-video-web.webm\" loop autoplay muted playsinline class=\"img-fit\"><\/video>\n                    <\/div>\n        <div class=\"main-hero__content flex-layout align-items-center justify-center\">\n            <div class=\"container\">\n                <div class=\"main-hero__uvp\">\n                    CONSTRUYENDO EL FUTURO <span>renovaci\u00f3n y construcci\u00f3n de viviendas<\/span>                <\/div>\n                <div class=\"main-hero__cta\">\n                    <a href=\"https:\/\/groupkasa.com\/es\/evaluacion-gratuita\/\" class=\"btn\">Evaluaci\u00f3n gratuita<\/a>\n                <\/div>\n            <\/div>\n        <\/div>\n        <div class=\"main-hero__scroll\"><\/div>\n    <\/section>\n\n\n\n\n\n\n\t<section class=\"home-intro\">\n        <div class=\"container\">\n            <div class=\"flex-layout align-items-center\">\n                <div class=\"home-intro__images\">\n                    <div class=\"home-intro__image-large animate-fade top\">\n                        <img class=\"img-fit\" data-src=\"https:\/\/groupkasa.com\/wp-content\/uploads\/2024\/02\/about-us.jpg\" alt=\"\"  >                    <\/div>\n                    <div class=\"home-intro__thumb animate-fade right\">\n                        <img class=\"img-fit\" data-src=\"https:\/\/groupkasa.com\/wp-content\/uploads\/2024\/02\/our-team-2.jpg\" alt=\"\"  >                    <\/div>\n                <\/div>\n                <div class=\"home-intro__text animate-fade left\">\n                    <h1>Sobre Nosotros<\/h1>\n                    <p>Creemos que un proyecto de construcci\u00f3n exitoso comienza con el equipo adecuado. Nuestros artesanos calificados y experimentados tienen la experiencia y el conocimiento para completar proyectos de construcci\u00f3n de todos los tama\u00f1os, desde peque\u00f1as renovaciones hasta grandes construcciones comerciales. Con nuestro compromiso con la seguridad, la calidad y el servicio al cliente, garantizamos que todos nuestros proyectos se completen a tiempo, dentro del presupuesto y con los m\u00e1s altos est\u00e1ndares. Utilizamos la \u00faltima tecnolog\u00eda y las mejores pr\u00e1cticas para garantizar un proceso fluido y eficiente de principio a fin, y nos esforzamos por superar las expectativas de nuestros clientes en todo momento. Con nuestra amplia experiencia en la industria de la construcci\u00f3n, puede estar seguro de que su proyecto est\u00e1 en las manos adecuadas.<\/p>\n                                    <\/div>\n            <\/div>\n        <\/div>\n    <\/section>\n\n\n\n\n\n\n\t<section class=\"home-features\">\n        <div class=\"container\">\n            <h2 class=\"small text-center\">Nuestros cuatro pilares del \u00e9xito<\/h2>\n            <ul class=\"home-features__items flex-layout justify-between \">\n                                    <li class=\"animate-fade top\">\n                        <div class=\"icon\">\n                            <img class=\"\" data-src=\"https:\/\/groupkasa.com\/wp-content\/uploads\/2021\/09\/GK-icon-V1-2.png\" alt=\"\"  >                        <\/div>\n                        <h3>Te ayudamos a comprar o vender tu propiedad<\/h3>\n                    <\/li>\n                                    <li class=\"animate-fade top\">\n                        <div class=\"icon\">\n                            <img class=\"\" data-src=\"https:\/\/groupkasa.com\/wp-content\/uploads\/2021\/09\/GK-icon-V2-2.png\" alt=\"\"  >                        <\/div>\n                        <h3>Construimos y renovamos <\/h3>\n                    <\/li>\n                                    <li class=\"animate-fade top\">\n                        <div class=\"icon\">\n                            <img class=\"\" data-src=\"https:\/\/groupkasa.com\/wp-content\/uploads\/2021\/09\/GK-icon-V3-2.png\" alt=\"\"  >                        <\/div>\n                        <h3>Te ofrecemos alquiler de corto o largo plazo<\/h3>\n                    <\/li>\n                                    <li class=\"animate-fade top\">\n                        <div class=\"icon\">\n                            <img class=\"\" data-src=\"https:\/\/groupkasa.com\/wp-content\/uploads\/2021\/09\/GK-Icon-V4-2.png\" alt=\"\"  >                        <\/div>\n                        <h3>Generamos ganancias para ti<\/h3>\n                    <\/li>\n                            <\/ul>\n        <\/div>\n    <\/section>\n\n\n\n\n\n\n\t<section class=\"home-cards\">\n        <div class=\"container flex-layout justify-between\">\n                            <div class=\"home-card\">\n                    <img class=\"\" data-src=\"https:\/\/groupkasa.com\/wp-content\/uploads\/2023\/11\/Group-kasa-home-renovation.webp\" alt=\"House renovation photo of a living room\"  >                    <div class=\"home-card__content\">\n                        <h3>Renovaci\u00f3n<br> <strong>del hogar<\/strong><\/h3>\n                        <div class=\"home-card__hidden\">\n                            <p><\/p>\n                                                            <a class=\"btn btn--white\" target=\"_self\" href=\"\/es\/home-renovation\/\">Saber M\u00e1s<\/a>\n                                                    <\/div>\n                    <\/div>\n                <\/div>\n                            <div class=\"home-card\">\n                    <img class=\"\" data-src=\"https:\/\/groupkasa.com\/wp-content\/uploads\/2023\/11\/Group-kasa-commercial-construction.webp\" alt=\"Bar with tables and a space for music performance\"  >                    <div class=\"home-card__content\">\n                        <h3>Construcci\u00f3n<br> <strong>Comercial<\/strong><\/h3>\n                        <div class=\"home-card__hidden\">\n                            <p><\/p>\n                                                            <a class=\"btn btn--white\" target=\"_self\" href=\"\/es\/commercial-construction\/\">Saber M\u00e1s<\/a>\n                                                    <\/div>\n                    <\/div>\n                <\/div>\n                            <div class=\"home-card\">\n                    <img class=\"\" data-src=\"https:\/\/groupkasa.com\/wp-content\/uploads\/2023\/11\/Group-kasa-after-disaster.webp\" alt=\"Photo of a destroyed house\"  >                    <div class=\"home-card__content\">\n                        <h3>Reconstrucci\u00f3n<br> <strong>De desastres<\/strong><\/h3>\n                        <div class=\"home-card__hidden\">\n                            <p><\/p>\n                                                            <a class=\"btn btn--white\" target=\"_self\" href=\"\/es\/after-disaster-construction\/\">Saber M\u00e1s<\/a>\n                                                    <\/div>\n                    <\/div>\n                <\/div>\n            \n        <\/div>\n    <\/section>\n\n\n\n\n\n\n\t<section class=\"large-text\">\n        <div class=\"container\">\n            <p>SOMOS <strong>INNOVADORES<\/strong> EN <strong>RENOVACI\u00d3N DE VIVIENDAS<\/strong> DESDE EL NIVEL M\u00c1S ALTO DE <strong>ESTRATEGIA<\/strong> HASTA EL NIVEL M\u00c1S PROFUNDO DE DETALLE<\/p>\n        <\/div>\n    <\/section>\n\n\n\n\n\n\n  <section class=\"home-contact\">\n    <div class=\"container\">\n      <div class=\"flex-layout align-items-center\">\n        <div class=\"home-contact__title\">\n          <h2>\u00a1Nos gustar\u00eda <br \/> escuchar <br \/> m\u00e1s sobre <span>tu proximo proyecto!<\/span><\/h2>\n        <\/div>\n        <div class=\"home-contact__form\">\n          <h3>P\u00f3ngase en contacto<\/h3>\n\n<div class=\"wpcf7 no-js\" id=\"wpcf7-f281-o1\" lang=\"en-US\" dir=\"ltr\" data-wpcf7-id=\"281\">\n<div class=\"screen-reader-response\"><p role=\"status\" aria-live=\"polite\" aria-atomic=\"true\"><\/p> <ul><\/ul><\/div>\n<form action=\"\/es\/wp-json\/wp\/v2\/pages\/436#wpcf7-f281-o1\" method=\"post\" class=\"wpcf7-form init\" aria-label=\"Contact form\" novalidate=\"novalidate\" data-status=\"init\">\n<fieldset class=\"hidden-fields-container\"><input type=\"hidden\" name=\"_wpcf7\" value=\"281\" \/><input type=\"hidden\" name=\"_wpcf7_version\" value=\"6.1.2\" \/><input type=\"hidden\" name=\"_wpcf7_locale\" value=\"en_US\" \/><input type=\"hidden\" name=\"_wpcf7_unit_tag\" value=\"wpcf7-f281-o1\" \/><input type=\"hidden\" name=\"_wpcf7_container_post\" value=\"0\" \/><input type=\"hidden\" name=\"_wpcf7_posted_data_hash\" value=\"\" \/><input type=\"hidden\" name=\"_wpcf7_recaptcha_response\" value=\"\" \/>\n<\/fieldset>\n<div class=\"field\">\n\t<p><label for=\"looking-for\" class=\"hidden\">Que servicio est\u00e1s buscando<\/label><br \/>\n<span class=\"wpcf7-form-control-wrap\" data-name=\"looking-for\"><select class=\"wpcf7-form-control wpcf7-select\" aria-invalid=\"false\" name=\"looking-for\"><option value=\"\">Que servicio est\u00e1s buscando<\/option><option value=\"Construcci\u00f3n Residencial\">Construcci\u00f3n Residencial<\/option><option value=\"Construcci\u00f3n Comercial\">Construcci\u00f3n Comercial<\/option><\/select><\/span>\n\t<\/p>\n<\/div>\n<div class=\"field\">\n\t<p><label for=\"your-name\" class=\"hidden\">Nombre Completo<\/label><br \/>\n<span class=\"wpcf7-form-control-wrap\" data-name=\"your-name\"><input size=\"40\" maxlength=\"400\" class=\"wpcf7-form-control wpcf7-text\" aria-invalid=\"false\" placeholder=\"Nombre Completo\" value=\"\" type=\"text\" name=\"your-name\" \/><\/span>\n\t<\/p>\n<\/div>\n<div class=\"field\">\n\t<p><label for=\"your-email\" class=\"hidden\">Direcci\u00f3n<\/label><br \/>\n<span class=\"wpcf7-form-control-wrap\" data-name=\"your-email\"><input size=\"40\" maxlength=\"400\" class=\"wpcf7-form-control wpcf7-text\" aria-invalid=\"false\" placeholder=\"Direcci\u00f3n\" value=\"\" type=\"text\" name=\"your-email\" \/><\/span>\n\t<\/p>\n<\/div>\n<div class=\"field\">\n\t<p><label for=\"your-phone\" class=\"hidden\">N\u00famero telef\u00f3nico<\/label><br \/>\n<span class=\"wpcf7-form-control-wrap\" data-name=\"your-phone\"><input size=\"40\" maxlength=\"400\" class=\"wpcf7-form-control wpcf7-text\" aria-invalid=\"false\" placeholder=\"N\u00famero telef\u00f3nico\" value=\"\" type=\"text\" name=\"your-phone\" \/><\/span>\n\t<\/p>\n<\/div>\n<div class=\"field\">\n\t<p><label for=\"your-message\" class=\"hidden\">\u00bfTienes comentarios adicionales?<\/label><br \/>\n<span class=\"wpcf7-form-control-wrap\" data-name=\"your-message\"><textarea cols=\"40\" rows=\"6\" maxlength=\"2000\" class=\"wpcf7-form-control wpcf7-textarea\" aria-invalid=\"false\" placeholder=\"\u00bfTienes comentarios adicionales?\" name=\"your-message\"><\/textarea><\/span>\n\t<\/p>\n<\/div>\n<p><button type=\"submit\" class=\"btn\">Enviar<\/button>\n<\/p><div class=\"wpcf7-response-output\" aria-hidden=\"true\"><\/div>\n<\/form>\n<\/div>\n\n        <\/div>\n      <\/div>\n\n\n    <\/div>\n  <\/section>\n\n\n","protected":false},"excerpt":{"rendered":"","protected":false},"author":5,"featured_media":0,"parent":0,"menu_order":0,"comment_status":"closed","ping_status":"closed","template":"","meta":{"_acf_changed":false,"_monsterinsights_skip_tracking":false,"_monsterinsights_sitenote_active":false,"_monsterinsights_sitenote_note":"","_monsterinsights_sitenote_category":0,"footnotes":""},"class_list":["post-436","page","type-page","status-publish","hentry"],"acf":[],"yoast_head":"<!-- This site is optimized with the Yoast SEO plugin v26.1.1 - https:\/\/yoast.com\/wordpress\/plugins\/seo\/ -->\n<title>Home - Kasa Management<\/title>\n<meta name=\"robots\" content=\"index, follow, max-snippet:-1, max-image-preview:large, max-video-preview:-1\" \/>\n<link rel=\"canonical\" href=\"https:\/\/groupkasa.com\/es\/\" \/>\n<meta property=\"og:locale\" content=\"es_ES\" \/>\n<meta property=\"og:type\" content=\"article\" \/>\n<meta property=\"og:title\" content=\"Home - Kasa Management\" \/>\n<meta property=\"og:url\" content=\"https:\/\/groupkasa.com\/es\/\" \/>\n<meta property=\"og:site_name\" content=\"Kasa Management\" \/>\n<meta property=\"article:publisher\" content=\"https:\/\/www.facebook.com\/kasamtl\" \/>\n<meta property=\"article:modified_time\" content=\"2024-02-29T22:32:48+00:00\" \/>\n<meta property=\"og:image\" content=\"https:\/\/groupkasa.com\/wp-content\/uploads\/2025\/10\/og.jpg\" \/>\n\t<meta property=\"og:image:width\" content=\"1864\" \/>\n\t<meta property=\"og:image:height\" content=\"745\" \/>\n\t<meta property=\"og:image:type\" content=\"image\/jpeg\" \/>\n<meta name=\"twitter:card\" content=\"summary_large_image\" \/>\n<script type=\"application\/ld+json\" class=\"yoast-schema-graph\">{\"@context\":\"https:\/\/schema.org\",\"@graph\":[{\"@type\":\"WebPage\",\"@id\":\"https:\/\/groupkasa.com\/es\/\",\"url\":\"https:\/\/groupkasa.com\/es\/\",\"name\":\"Home - Kasa Management\",\"isPartOf\":{\"@id\":\"https:\/\/groupkasa.com\/#website\"},\"datePublished\":\"2021-09-03T15:58:15+00:00\",\"dateModified\":\"2024-02-29T22:32:48+00:00\",\"inLanguage\":\"es\",\"potentialAction\":[{\"@type\":\"ReadAction\",\"target\":[\"https:\/\/groupkasa.com\/es\/\"]}]},{\"@type\":\"WebSite\",\"@id\":\"https:\/\/groupkasa.com\/#website\",\"url\":\"https:\/\/groupkasa.com\/\",\"name\":\"Kasa Management\",\"description\":\"Property Management Company | Montreal | Rent Houses | Airbnb | Booking | Renovation\",\"publisher\":{\"@id\":\"https:\/\/groupkasa.com\/#organization\"},\"potentialAction\":[{\"@type\":\"SearchAction\",\"target\":{\"@type\":\"EntryPoint\",\"urlTemplate\":\"https:\/\/groupkasa.com\/?s={search_term_string}\"},\"query-input\":{\"@type\":\"PropertyValueSpecification\",\"valueRequired\":true,\"valueName\":\"search_term_string\"}}],\"inLanguage\":\"es\"},{\"@type\":\"Organization\",\"@id\":\"https:\/\/groupkasa.com\/#organization\",\"name\":\"Kasa Management\",\"url\":\"https:\/\/groupkasa.com\/\",\"logo\":{\"@type\":\"ImageObject\",\"inLanguage\":\"es\",\"@id\":\"https:\/\/groupkasa.com\/#\/schema\/logo\/image\/\",\"url\":\"https:\/\/groupkasa.com\/wp-content\/uploads\/2021\/10\/Group-Kasa-Logo-web.svg\",\"contentUrl\":\"https:\/\/groupkasa.com\/wp-content\/uploads\/2021\/10\/Group-Kasa-Logo-web.svg\",\"width\":1,\"height\":1,\"caption\":\"Kasa Management\"},\"image\":{\"@id\":\"https:\/\/groupkasa.com\/#\/schema\/logo\/image\/\"},\"sameAs\":[\"https:\/\/www.facebook.com\/kasamtl\",\"https:\/\/www.instagram.com\/group.kasa\/\"]}]}<\/script>\n<!-- \/ Yoast SEO plugin. -->","yoast_head_json":{"title":"Home - Kasa Management","robots":{"index":"index","follow":"follow","max-snippet":"max-snippet:-1","max-image-preview":"max-image-preview:large","max-video-preview":"max-video-preview:-1"},"canonical":"https:\/\/groupkasa.com\/es\/","og_locale":"es_ES","og_type":"article","og_title":"Home - Kasa Management","og_url":"https:\/\/groupkasa.com\/es\/","og_site_name":"Kasa Management","article_publisher":"https:\/\/www.facebook.com\/kasamtl","article_modified_time":"2024-02-29T22:32:48+00:00","og_image":[{"width":1864,"height":745,"url":"https:\/\/groupkasa.com\/wp-content\/uploads\/2025\/10\/og.jpg","type":"image\/jpeg"}],"twitter_card":"summary_large_image","schema":{"@context":"https:\/\/schema.org","@graph":[{"@type":"WebPage","@id":"https:\/\/groupkasa.com\/es\/","url":"https:\/\/groupkasa.com\/es\/","name":"Home - Kasa Management","isPartOf":{"@id":"https:\/\/groupkasa.com\/#website"},"datePublished":"2021-09-03T15:58:15+00:00","dateModified":"2024-02-29T22:32:48+00:00","inLanguage":"es","potentialAction":[{"@type":"ReadAction","target":["https:\/\/groupkasa.com\/es\/"]}]},{"@type":"WebSite","@id":"https:\/\/groupkasa.com\/#website","url":"https:\/\/groupkasa.com\/","name":"Kasa Management","description":"Property Management Company | Montreal | Rent Houses | Airbnb | Booking | Renovation","publisher":{"@id":"https:\/\/groupkasa.com\/#organization"},"potentialAction":[{"@type":"SearchAction","target":{"@type":"EntryPoint","urlTemplate":"https:\/\/groupkasa.com\/?s={search_term_string}"},"query-input":{"@type":"PropertyValueSpecification","valueRequired":true,"valueName":"search_term_string"}}],"inLanguage":"es"},{"@type":"Organization","@id":"https:\/\/groupkasa.com\/#organization","name":"Kasa Management","url":"https:\/\/groupkasa.com\/","logo":{"@type":"ImageObject","inLanguage":"es","@id":"https:\/\/groupkasa.com\/#\/schema\/logo\/image\/","url":"https:\/\/groupkasa.com\/wp-content\/uploads\/2021\/10\/Group-Kasa-Logo-web.svg","contentUrl":"https:\/\/groupkasa.com\/wp-content\/uploads\/2021\/10\/Group-Kasa-Logo-web.svg","width":1,"height":1,"caption":"Kasa Management"},"image":{"@id":"https:\/\/groupkasa.com\/#\/schema\/logo\/image\/"},"sameAs":["https:\/\/www.facebook.com\/kasamtl","https:\/\/www.instagram.com\/group.kasa\/"]}]}},"_links":{"self":[{"href":"https:\/\/groupkasa.com\/es\/wp-json\/wp\/v2\/pages\/436","targetHints":{"allow":["GET"]}}],"collection":[{"href":"https:\/\/groupkasa.com\/es\/wp-json\/wp\/v2\/pages"}],"about":[{"href":"https:\/\/groupkasa.com\/es\/wp-json\/wp\/v2\/types\/page"}],"author":[{"embeddable":true,"href":"https:\/\/groupkasa.com\/es\/wp-json\/wp\/v2\/users\/5"}],"replies":[{"embeddable":true,"href":"https:\/\/groupkasa.com\/es\/wp-json\/wp\/v2\/comments?post=436"}],"version-history":[{"count":52,"href":"https:\/\/groupkasa.com\/es\/wp-json\/wp\/v2\/pages\/436\/revisions"}],"predecessor-version":[{"id":2587,"href":"https:\/\/groupkasa.com\/es\/wp-json\/wp\/v2\/pages\/436\/revisions\/2587"}],"wp:attachment":[{"href":"https:\/\/groupkasa.com\/es\/wp-json\/wp\/v2\/media?parent=436"}],"curies":[{"name":"wp","href":"https:\/\/api.w.org\/{rel}","templated":true}]}}